{"id":27262,"date":"2022-03-03T13:03:56","date_gmt":"2022-03-03T13:03:56","guid":{"rendered":"https:\/\/www.mgmrestop.com\/?page_id=27262"},"modified":"2023-06-05T11:54:17","modified_gmt":"2023-06-05T11:54:17","slug":"distribuidores","status":"publish","type":"page","link":"https:\/\/www.mgmrestop.com\/es\/distribuidores\/","title":{"rendered":"DISTRIBUIDORES"},"content":{"rendered":"\n<div class=\"wpcf7 no-js\" id=\"wpcf7-f27263-o1\" lang=\"it-IT\" dir=\"ltr\" data-wpcf7-id=\"27263\">\n<div class=\"screen-reader-response\"><p role=\"status\" aria-live=\"polite\" aria-atomic=\"true\"><\/p> <ul><\/ul><\/div>\n<form action=\"\/es\/wp-json\/wp\/v2\/pages\/27262#wpcf7-f27263-o1\" method=\"post\" class=\"wpcf7-form init\" aria-label=\"Modulo di contatto\" novalidate=\"novalidate\" data-status=\"init\">\n<div style=\"display: none;\">\n<input type=\"hidden\" name=\"_wpcf7\" value=\"27263\" \/>\n<input type=\"hidden\" name=\"_wpcf7_version\" value=\"6.0.4\" \/>\n<input type=\"hidden\" name=\"_wpcf7_locale\" value=\"it_IT\" \/>\n<input type=\"hidden\" name=\"_wpcf7_unit_tag\" value=\"wpcf7-f27263-o1\" \/>\n<input type=\"hidden\" name=\"_wpcf7_container_post\" value=\"0\" \/>\n<input type=\"hidden\" name=\"_wpcf7_posted_data_hash\" value=\"\" \/>\n<\/div>\n<div class=\"wp-container-3 wp-block-columns\">\n\t<div class=\"wp-container-1 wp-block-column\">\n\t\t<div class=\"form-group\">\n\t\t\t<p><span class=\"wpcf7-form-control-wrap\" data-name=\"ragione-sociale\"><input size=\"40\" maxlength=\"400\" class=\"wpcf7-form-control wpcf7-text wpcf7-validates-as-required\" aria-required=\"true\" aria-invalid=\"false\" placeholder=\"Raz\u00f3n social *\" value=\"\" type=\"text\" name=\"ragione-sociale\" \/><\/span>\n\t\t\t<\/p>\n\t\t<\/div>\n\t\t<div class=\"form-group\">\n\t\t\t<p><span class=\"wpcf7-form-control-wrap\" data-name=\"indirizzo\"><input size=\"40\" maxlength=\"400\" class=\"wpcf7-form-control wpcf7-text wpcf7-validates-as-required\" aria-required=\"true\" aria-invalid=\"false\" placeholder=\"Direcci\u00f3n *\" value=\"\" type=\"text\" name=\"indirizzo\" \/><\/span>\n\t\t\t<\/p>\n\t\t<\/div>\n\t\t<div class=\"form-group\">\n\t\t\t<p><span class=\"wpcf7-form-control-wrap\" data-name=\"citta-provincia\"><input size=\"40\" maxlength=\"400\" class=\"wpcf7-form-control wpcf7-text wpcf7-validates-as-required\" aria-required=\"true\" aria-invalid=\"false\" placeholder=\"Ciudad y Provincia *\" value=\"\" type=\"text\" name=\"citta-provincia\" \/><\/span>\n\t\t\t<\/p>\n\t\t<\/div>\n\t\t<div class=\"form-group\">\n\t\t\t<p><span class=\"wpcf7-form-control-wrap\" data-name=\"telefono\"><input size=\"40\" maxlength=\"400\" class=\"wpcf7-form-control wpcf7-text wpcf7-validates-as-required\" aria-required=\"true\" aria-invalid=\"false\" placeholder=\"Tel\u00e9fono *\" value=\"\" type=\"text\" name=\"telefono\" \/><\/span>\n\t\t\t<\/p>\n\t\t<\/div>\n\t\t<div class=\"form-group\">\n\t\t\t<p><span class=\"wpcf7-form-control-wrap\" data-name=\"email\"><input size=\"40\" maxlength=\"400\" class=\"wpcf7-form-control wpcf7-email wpcf7-validates-as-required wpcf7-text wpcf7-validates-as-email\" aria-required=\"true\" aria-invalid=\"false\" placeholder=\"Correo electr\u00f3nico *\" value=\"\" type=\"email\" name=\"email\" \/><\/span>\n\t\t\t<\/p>\n\t\t<\/div>\n\t<\/div>\n\t<div class=\"wp-container-2 wp-block-column\">\n\t\t<div class=\"form-group\">\n\t\t\t<p><span class=\"wpcf7-form-control-wrap\" data-name=\"nome-referente\"><input size=\"40\" maxlength=\"400\" class=\"wpcf7-form-control wpcf7-text wpcf7-validates-as-required\" aria-required=\"true\" aria-invalid=\"false\" placeholder=\"Nombre del referente *\" value=\"\" type=\"text\" name=\"nome-referente\" \/><\/span>\n\t\t\t<\/p>\n\t\t<\/div>\n\t\t<div class=\"form-group\">\n\t\t\t<p><span class=\"wpcf7-form-control-wrap\" data-name=\"nazionalita\"><input size=\"40\" maxlength=\"400\" class=\"wpcf7-form-control wpcf7-text wpcf7-validates-as-required\" aria-required=\"true\" aria-invalid=\"false\" placeholder=\"Nacionalidad *\" value=\"\" type=\"text\" name=\"nazionalita\" \/><\/span>\n\t\t\t<\/p>\n\t\t<\/div>\n\t\t<div class=\"form-group\">\n\t\t\t<p><span class=\"wpcf7-form-control-wrap\" data-name=\"cap\"><input size=\"40\" maxlength=\"400\" class=\"wpcf7-form-control wpcf7-text wpcf7-validates-as-required\" aria-required=\"true\" aria-invalid=\"false\" placeholder=\"C\u00f3digo Postal *\" value=\"\" type=\"text\" name=\"cap\" \/><\/span>\n\t\t\t<\/p>\n\t\t<\/div>\n\t\t<div class=\"form-group\">\n\t\t\t<p><span class=\"wpcf7-form-control-wrap\" data-name=\"paese-distributore\"><input size=\"40\" maxlength=\"400\" class=\"wpcf7-form-control wpcf7-text wpcf7-validates-as-required\" aria-required=\"true\" aria-invalid=\"false\" placeholder=\"Pa\u00eds de distribuci\u00f3n requerido *\" value=\"\" type=\"text\" name=\"paese-distributore\" \/><\/span>\n\t\t\t<\/p>\n\t\t<\/div>\n\t<\/div>\n<\/div>\n<div class=\"form-group privacy\">\n\t<h4>Consentimiento para el tratamiento de datos personales\n\t<\/h4>\n\t<div class=\"privacy\">\n\t\t<p>De acuerdo con el art\u00edculo 13, p\u00e1rrafo 1, del C\u00f3digo de Privacidad (D.Lgs. 196\/03), se informa que: 1. los datos identificativos, los detalles de la cuenta bancaria y otros datos proporcionados a nuestra empresa en el contexto de las relaciones comerciales para la celebraci\u00f3n de acuerdos contractuales, la ejecuci\u00f3n de servicios contractuales, la emisi\u00f3n y ejecuci\u00f3n de pedidos comerciales, o de otra manera obtenidos por la misma de acuerdo con las disposiciones legales y contractuales vigentes, relacionados, conexos y\/o instrumentales para la gesti\u00f3n de la relaci\u00f3n, est\u00e1n y ser\u00e1n tratados de acuerdo con la normativa mencionada y las obligaciones de confidencialidad previstas, con los m\u00e9todos y fines indicados a continuaci\u00f3n; 2. los datos se tratan para fines institucionales, relacionados y\/o instrumentales para la actividad de nuestra empresa, como la compra de materias primas, productos semielaborados, producci\u00f3n, ensamblaje, venta y distribuci\u00f3n de motores y otros productos de la empresa; contabilidad, facturaci\u00f3n, verificaci\u00f3n de cr\u00e9ditos vencidos, pagos, env\u00edo. En particular, en el \u00e1mbito de lo indicado en el punto 1: a) para cumplir con las obligaciones establecidas por las normas civiles, fiscales, contables, legales, reglamentarias, normativas comunitarias, con fines de gesti\u00f3n administrativa de la relaci\u00f3n establecida con nuestra empresa; b) para cumplir con obligaciones contractuales, obligaciones de soporte t\u00e9cnico e informaci\u00f3n t\u00e9cnica, asistencia postventa y verificaci\u00f3n de satisfacci\u00f3n de los productos; c) eventualmente, para proporcionar informaci\u00f3n sobre futuras iniciativas comerciales y anuncios de nuevos productos, servicios y ofertas, tanto por parte de nuestra empresa como de socios comerciales; 3. la provisi\u00f3n de los datos antes mencionados se considera necesaria en relaci\u00f3n con el logro de los fines indicados en el punto anterior, excluyendo los fines promocionales y de marketing mencionados en la letra c), para los cuales el tratamiento de datos est\u00e1 suj\n\t\t<\/p>\n\t\t<p>eto a un consentimiento espec\u00edfico; 4. la falta de adquisici\u00f3n o la falta de provisi\u00f3n de los datos en relaci\u00f3n con los fines indicados en las letras a) y b) impide el establecimiento y continuaci\u00f3n de las relaciones comerciales establecidas con nuestra empresa, para fines contractuales, debido a la imposibilidad de cumplir con las obligaciones legales y contractuales. La adquisici\u00f3n o provisi\u00f3n de datos para los fines indicados en la letra c) es opcional y est\u00e1 sujeta a un consentimiento espec\u00edfico. 5. la recopilaci\u00f3n y el tratamiento de los datos mencionados se llevan a cabo mediante herramientas automatizadas y no automatizadas, con acceso controlado y de acuerdo con los m\u00e9todos establecidos en los art\u00edculos 11 y 31 del C\u00f3digo de Privacidad, mediante la adopci\u00f3n de las medidas de seguridad previstas; 6. los datos pueden ser tratados, con los m\u00e9todos y para los fines antes mencionados, dentro de nuestra empresa, en el \u00e1mbito de las oficinas de compras, comercial, producci\u00f3n, administraci\u00f3n, personal, por parte de los responsables de las respectivas funciones, as\u00ed como por otros sujetos asignados a esta \u00e1rea, como se indica en las circulares empresariales correspondientes; 7. los datos pueden ser comunicados, con los m\u00e9todos y para los fines antes mencionados, fuera de nuestra empresa: a) a sujetos p\u00fablicos o privados con los que la comunicaci\u00f3n de los datos sea necesaria, instrumental o apropiada para cumplir con las obligaciones legales, reglamentarias o normativas comunitarias; b) a nuestra red de ventas (por ejemplo, agentes, distribuidores, transportistas); c) a nuestros clientes y contratistas; d) a sujetos que proporcionan servicios de procesamiento de datos u otros servicios instrumentales a esta empresa (actualmente, ITALWAY SRL Via Renato Fucini, 2b Massa e Cozzile); e) a sujetos a los que la comunicaci\u00f3n de sus datos personales sea necesaria o funcional para la administraci\u00f3n de la relaci\u00f3n comercial (por ejemplo, instituciones bancarias, instituciones de seguros, autoridad tributaria); f) a empresas, estudios profesionales o profesionales individuales que brinden servicios de consultor\u00eda; g) a nuestros colaboradores; h) con el fin de optimizar y hacer m\u00e1s eficientes los servicios de asistencia t\u00e9cnica en inter\u00e9s del cliente y a solicitud suya, los datos en cuesti\u00f3n pueden ser comunicados al extranjero a nuestros distribuidores en cumplimiento de las disposiciones establecidas por el D.Lgs. 196\/03 (art\u00edculos 42-45) y solo para fines relacionados, conexos y\/o instrumentales al cumplimiento de obligaciones legales y\/o contractuales. 8. el Responsable del tratamiento de los datos, seg\u00fan la ley, es la empresa mencionada; 9. la persona de referencia para el tratamiento de datos para el ejercicio de los derechos establecidos en el art\u00edculo 7 y siguientes del D.Lgs. 196\/03 es Pinochi Doriana en M.G.M. Motori Elettrici SPA con sede en Via S.R. 435 Lucchese - Km 31 Serravalle Pistoiese n. tel 0573\/91511 fax 0573\/518138. Para obtener m\u00e1s informaci\u00f3n al respecto, por favor, p\u00f3ngase en contacto con la persona de referencia mencionada anteriormente\n\t\t<\/p>\n\t\t<p>; 10. Usted tiene la facultad de ejercer los derechos establecidos en el art\u00edculo 7 del D.Lgs. 196\/03, que se detallan a continuaci\u00f3n: Art.7 - Derecho de acceso a los datos personales y otros derechos 1. La persona interesada tiene derecho a obtener la confirmaci\u00f3n de la existencia o no de datos personales que le conciernen, incluso si a\u00fan no est\u00e1n registrados, y su comunicaci\u00f3n de forma inteligible. 2. La persona interesada tiene derecho a obtener la indicaci\u00f3n: a) del origen de los datos personales; b) de las finalidades y modalidades del tratamiento; c) de la l\u00f3gica aplicada en caso de tratamiento realizado con la ayuda de herramientas electr\u00f3nicas; d) de las se\u00f1as identificativas del titular, de los responsables y del representante designado seg\u00fan el art\u00edculo 5, p\u00e1rrafo 2; e) de los sujetos o categor\u00edas de sujetos a quienes se pueden comunicar los datos personales o quienes pueden conocerlos en calidad de representante designado en el territorio del Estado, de responsables o encargados. 3. La persona interesada tiene derecho a obtener: a) la actualizaci\u00f3n, la rectificaci\u00f3n o, cuando tenga inter\u00e9s, la integraci\u00f3n de los datos; b) la cancelaci\u00f3n, la transformaci\u00f3n en forma an\u00f3nima o el bloqueo de los datos tratados en violaci\u00f3n de la ley, incluidos aquellos cuya conservaci\u00f3n no sea necesaria en relaci\u00f3n con los fines para los que se recopilaron o posteriormente trataron; c) la certificaci\u00f3n de que las operaciones mencionadas en las letras a) y b) se han comunicado, tambi\u00e9n en lo que respecta a su contenido, a aquellos a quienes se han comunicado o divulgado los datos, salvo en el caso de que dicho cumplimiento resulte imposible o implique un empleo de medios manifiestamente desproporcionado en relaci\u00f3n con el derecho protegido; 4. La persona interesada tiene derecho a oponerse, total o parcialmente: a) por motivos leg\u00edtimos, al tratamiento de datos personales que le conciernen, aunque sean pertinentes para el prop\u00f3sito de la recopilaci\u00f3n; b) al tratamiento de datos personales que le conciernen con fines de env\u00edo de material publicitario o de venta directa o para la realizaci\u00f3n de investigaciones de mercado o comunicaciones comerciales.\n\t\t<\/p>\n\t<\/div>\n\t<p><span class=\"wpcf7-form-control-wrap\" data-name=\"acceptance-717\"><span class=\"wpcf7-form-control wpcf7-acceptance\"><span class=\"wpcf7-list-item\"><input type=\"checkbox\" name=\"acceptance-717\" value=\"1\" aria-invalid=\"false\" \/><\/span><\/span><\/span> Doy mi consentimiento para el tratamiento de mis datos personales con fines promocionales y de marketing, y para el tratamiento de los datos que no se incluyan, de acuerdo con el art\u00edculo 24 del D.Lgs. 196\/03, en los casos de exclusi\u00f3n del consentimiento;\n\t<\/p>\n\t<p><span class=\"wpcf7-form-control-wrap\" data-name=\"acceptance-717\"><span class=\"wpcf7-form-control wpcf7-acceptance\"><span class=\"wpcf7-list-item\"><input type=\"checkbox\" name=\"acceptance-717\" value=\"1\" aria-invalid=\"false\" \/><\/span><\/span><\/span> Doy mi consentimiento para la comunicaci\u00f3n de mis datos personales para los fines mencionados a los sujetos mencionados en el punto 7;\n\t<\/p>\n\t<p><span class=\"wpcf7-form-control-wrap\" data-name=\"acceptance-717\"><span class=\"wpcf7-form-control wpcf7-acceptance\"><span class=\"wpcf7-list-item\"><input type=\"checkbox\" name=\"acceptance-717\" value=\"1\" aria-invalid=\"false\" \/><\/span><\/span><\/span> Doy mi consentimiento para la transferencia de mis datos personales para los fines mencionados al extranjero, que no est\u00e9n excluidos del consentimiento seg\u00fan el art\u00edculo 43 del D.Lgs. 196\/03.\n\t<\/p>\n\t<p><input class=\"wpcf7-form-control wpcf7-submit has-spinner\" type=\"submit\" value=\"Enviar\" \/>\n\t<\/p>\n<\/div><div class=\"wpcf7-response-output\" aria-hidden=\"true\"><\/div>\n<\/form>\n<\/div>\n\n","protected":false},"excerpt":{"rendered":"","protected":false},"author":1,"featured_media":0,"parent":0,"menu_order":76,"comment_status":"closed","ping_status":"closed","template":"template-full-width.php","meta":{"_acf_changed":false,"_coblocks_attr":"","_coblocks_dimensions":"","_coblocks_responsive_height":"","_coblocks_accordion_ie_support":"","_uag_custom_page_level_css":"","footnotes":""},"class_list":["post-27262","page","type-page","status-publish","has-post-thumbnail","hentry"],"acf":[],"yoast_head":"<!-- This site is optimized with the Yoast SEO plugin v24.5 - https:\/\/yoast.com\/wordpress\/plugins\/seo\/ -->\n<title>DISTRIBUIDORES - M.G.M. Motori Elettrici S.p.a.<\/title>\n<meta name=\"robots\" content=\"index, follow, max-snippet:-1, max-image-preview:large, max-video-preview:-1\" \/>\n<link rel=\"canonical\" href=\"https:\/\/www.mgmrestop.com\/es\/distribuidores\/\" \/>\n<meta property=\"og:locale\" content=\"es_ES\" \/>\n<meta property=\"og:type\" content=\"article\" \/>\n<meta property=\"og:title\" content=\"DISTRIBUIDORES - M.G.M. Motori Elettrici S.p.a.\" \/>\n<meta property=\"og:url\" content=\"https:\/\/www.mgmrestop.com\/es\/distribuidores\/\" \/>\n<meta property=\"og:site_name\" content=\"MGM Motor Stop\" \/>\n<meta property=\"article:modified_time\" content=\"2023-06-05T11:54:17+00:00\" \/>\n<meta name=\"twitter:card\" content=\"summary_large_image\" \/>\n<script type=\"application\/ld+json\" class=\"yoast-schema-graph\">{\"@context\":\"https:\/\/schema.org\",\"@graph\":[{\"@type\":\"WebPage\",\"@id\":\"https:\/\/www.mgmrestop.com\/es\/distribuidores\/\",\"url\":\"https:\/\/www.mgmrestop.com\/es\/distribuidores\/\",\"name\":\"DISTRIBUIDORES - M.G.M. Motori Elettrici S.p.a.\",\"isPartOf\":{\"@id\":\"https:\/\/www.mgmrestop.com\/#website\"},\"datePublished\":\"2022-03-03T13:03:56+00:00\",\"dateModified\":\"2023-06-05T11:54:17+00:00\",\"breadcrumb\":{\"@id\":\"https:\/\/www.mgmrestop.com\/es\/distribuidores\/#breadcrumb\"},\"inLanguage\":\"es\",\"potentialAction\":[{\"@type\":\"ReadAction\",\"target\":[\"https:\/\/www.mgmrestop.com\/es\/distribuidores\/\"]}]},{\"@type\":\"BreadcrumbList\",\"@id\":\"https:\/\/www.mgmrestop.com\/es\/distribuidores\/#breadcrumb\",\"itemListElement\":[{\"@type\":\"ListItem\",\"position\":1,\"name\":\"Home\",\"item\":\"https:\/\/www.mgmrestop.com\/es\/\"},{\"@type\":\"ListItem\",\"position\":2,\"name\":\"DISTRIBUIDORES\"}]},{\"@type\":\"WebSite\",\"@id\":\"https:\/\/www.mgmrestop.com\/#website\",\"url\":\"https:\/\/www.mgmrestop.com\/\",\"name\":\"M.G.M. Motori Elettrici S.p.a.\",\"description\":\"\",\"publisher\":{\"@id\":\"https:\/\/www.mgmrestop.com\/#organization\"},\"potentialAction\":[{\"@type\":\"SearchAction\",\"target\":{\"@type\":\"EntryPoint\",\"urlTemplate\":\"https:\/\/www.mgmrestop.com\/?s={search_term_string}\"},\"query-input\":{\"@type\":\"PropertyValueSpecification\",\"valueRequired\":true,\"valueName\":\"search_term_string\"}}],\"inLanguage\":\"es\"},{\"@type\":\"Organization\",\"@id\":\"https:\/\/www.mgmrestop.com\/#organization\",\"name\":\"M.G.M. Motori Elettrici S.p.a.\",\"url\":\"https:\/\/www.mgmrestop.com\/\",\"logo\":{\"@type\":\"ImageObject\",\"inLanguage\":\"es\",\"@id\":\"https:\/\/www.mgmrestop.com\/#\/schema\/logo\/image\/\",\"url\":\"https:\/\/www.mgmrestop.com\/wp-content\/uploads\/2023\/06\/cropped-MGM_Marchio_Logo_700px.png\",\"contentUrl\":\"https:\/\/www.mgmrestop.com\/wp-content\/uploads\/2023\/06\/cropped-MGM_Marchio_Logo_700px.png\",\"width\":2917,\"height\":1560,\"caption\":\"M.G.M. Motori Elettrici S.p.a.\"},\"image\":{\"@id\":\"https:\/\/www.mgmrestop.com\/#\/schema\/logo\/image\/\"}}]}<\/script>\n<!-- \/ Yoast SEO plugin. -->","yoast_head_json":{"title":"DISTRIBUIDORES - M.G.M. Motori Elettrici S.p.a.","robots":{"index":"index","follow":"follow","max-snippet":"max-snippet:-1","max-image-preview":"max-image-preview:large","max-video-preview":"max-video-preview:-1"},"canonical":"https:\/\/www.mgmrestop.com\/es\/distribuidores\/","og_locale":"es_ES","og_type":"article","og_title":"DISTRIBUIDORES - M.G.M. Motori Elettrici S.p.a.","og_url":"https:\/\/www.mgmrestop.com\/es\/distribuidores\/","og_site_name":"MGM Motor Stop","article_modified_time":"2023-06-05T11:54:17+00:00","twitter_card":"summary_large_image","schema":{"@context":"https:\/\/schema.org","@graph":[{"@type":"WebPage","@id":"https:\/\/www.mgmrestop.com\/es\/distribuidores\/","url":"https:\/\/www.mgmrestop.com\/es\/distribuidores\/","name":"DISTRIBUIDORES - M.G.M. Motori Elettrici S.p.a.","isPartOf":{"@id":"https:\/\/www.mgmrestop.com\/#website"},"datePublished":"2022-03-03T13:03:56+00:00","dateModified":"2023-06-05T11:54:17+00:00","breadcrumb":{"@id":"https:\/\/www.mgmrestop.com\/es\/distribuidores\/#breadcrumb"},"inLanguage":"es","potentialAction":[{"@type":"ReadAction","target":["https:\/\/www.mgmrestop.com\/es\/distribuidores\/"]}]},{"@type":"BreadcrumbList","@id":"https:\/\/www.mgmrestop.com\/es\/distribuidores\/#breadcrumb","itemListElement":[{"@type":"ListItem","position":1,"name":"Home","item":"https:\/\/www.mgmrestop.com\/es\/"},{"@type":"ListItem","position":2,"name":"DISTRIBUIDORES"}]},{"@type":"WebSite","@id":"https:\/\/www.mgmrestop.com\/#website","url":"https:\/\/www.mgmrestop.com\/","name":"M.G.M. Motori Elettrici S.p.a.","description":"","publisher":{"@id":"https:\/\/www.mgmrestop.com\/#organization"},"potentialAction":[{"@type":"SearchAction","target":{"@type":"EntryPoint","urlTemplate":"https:\/\/www.mgmrestop.com\/?s={search_term_string}"},"query-input":{"@type":"PropertyValueSpecification","valueRequired":true,"valueName":"search_term_string"}}],"inLanguage":"es"},{"@type":"Organization","@id":"https:\/\/www.mgmrestop.com\/#organization","name":"M.G.M. Motori Elettrici S.p.a.","url":"https:\/\/www.mgmrestop.com\/","logo":{"@type":"ImageObject","inLanguage":"es","@id":"https:\/\/www.mgmrestop.com\/#\/schema\/logo\/image\/","url":"https:\/\/www.mgmrestop.com\/wp-content\/uploads\/2023\/06\/cropped-MGM_Marchio_Logo_700px.png","contentUrl":"https:\/\/www.mgmrestop.com\/wp-content\/uploads\/2023\/06\/cropped-MGM_Marchio_Logo_700px.png","width":2917,"height":1560,"caption":"M.G.M. Motori Elettrici S.p.a."},"image":{"@id":"https:\/\/www.mgmrestop.com\/#\/schema\/logo\/image\/"}}]}},"featured_image_src":null,"featured_image_src_square":null,"uagb_featured_image_src":{"full":false,"thumbnail":false,"medium":false,"medium_large":false,"large":false,"gs-tiny":false,"xl":false,"xxl":false,"xxxl":false,"xxxxl":false,"xxxxxl":false,"1536x1536":false,"2048x2048":false,"gb-block-post-grid-landscape":false,"gb-block-post-grid-square":false,"news_homepage":false,"settori_homepage":false,"post-thumbnail":false,"chaplin_preview_image_low_resolution":false,"chaplin_preview_image_high_resolution":false,"chaplin_fullscreen":false},"uagb_author_info":{"display_name":"administrator","author_link":"https:\/\/www.mgmrestop.com\/es\/author\/administrator\/"},"uagb_comment_info":0,"uagb_excerpt":null,"_links":{"self":[{"href":"https:\/\/www.mgmrestop.com\/es\/wp-json\/wp\/v2\/pages\/27262"}],"collection":[{"href":"https:\/\/www.mgmrestop.com\/es\/wp-json\/wp\/v2\/pages"}],"about":[{"href":"https:\/\/www.mgmrestop.com\/es\/wp-json\/wp\/v2\/types\/page"}],"author":[{"embeddable":true,"href":"https:\/\/www.mgmrestop.com\/es\/wp-json\/wp\/v2\/users\/1"}],"replies":[{"embeddable":true,"href":"https:\/\/www.mgmrestop.com\/es\/wp-json\/wp\/v2\/comments?post=27262"}],"version-history":[{"count":0,"href":"https:\/\/www.mgmrestop.com\/es\/wp-json\/wp\/v2\/pages\/27262\/revisions"}],"wp:attachment":[{"href":"https:\/\/www.mgmrestop.com\/es\/wp-json\/wp\/v2\/media?parent=27262"}],"curies":[{"name":"wp","href":"https:\/\/api.w.org\/{rel}","templated":true}]}}