{"id":27299,"date":"2022-05-04T16:20:21","date_gmt":"2022-05-04T16:20:21","guid":{"rendered":"https:\/\/www.mgmrestop.com\/?page_id=27299"},"modified":"2024-05-22T13:28:24","modified_gmt":"2024-05-22T13:28:24","slug":"sostenibilidad-medioambiental","status":"publish","type":"page","link":"https:\/\/www.mgmrestop.com\/es\/sostenibilidad-medioambiental\/","title":{"rendered":"Sostenibilidad medioambiental"},"content":{"rendered":"\n<iframe loading=\"lazy\" width=\"560\" height=\"315\" src=\"https:\/\/www.youtube.com\/embed\/1PNJZT10UlQ?si=yDNsVBIKsAz1dMSc\" title=\"YouTube video player\" frameborder=\"0\" allow=\"accelerometer; autoplay; clipboard-write; encrypted-media; gyroscope; picture-in-picture; web-share\" referrerpolicy=\"strict-origin-when-cross-origin\" allowfullscreen><\/iframe>\n\n\n\n<div style=\"height:61px\" aria-hidden=\"true\" class=\"wp-block-spacer\"><\/div>\n\n\n\n<div class=\"wp-block-group\"><div class=\"wp-block-group__inner-container is-layout-constrained wp-block-group-is-layout-constrained\">\n<p>El desarrollo sostenible y el respeto al medio ambiente son objetivos muy importantes para M.G.M. Motori Elettrici. <\/p>\n\n\n\n<p>En la planta de Serravalle Pistoiese, casi el 100% de la electricidad consumida se produce a trav\u00e9s de paneles fotovoltaicos instalados en la cubierta. A principios de 2024 la potencia del sistema fotovoltaico se ampli\u00f3 a\u00fan m\u00e1s para facilitar la transici\u00f3n de los veh\u00edculos de la empresa de los motores de combusti\u00f3n a los el\u00e9ctricos.<\/p>\n\n\n\n<p>La climatizaci\u00f3n del edificio se basa en un sistema geot\u00e9rmico que intercambia calor con el terreno a una gran profundidad, lo que permite un importante ahorro energ\u00e9tico tanto en invierno como en verano.<\/p>\n\n\n\n<p>Adem\u00e1s, la empresa ha realizado mejoras en el ciclo de producci\u00f3n, interviniendo en las instalaciones, el aislamiento de los edificios y el sistema de iluminaci\u00f3n para lograr una mayor eficiencia energ\u00e9tica.<\/p>\n\n\n\n<p>Se han realizado importantes acciones para reducir el consumo de agua potable, como la recolecci\u00f3n de agua de lluvia y el reciclaje del agua de condensaci\u00f3n utilizada en los l\u00edquidos refrigerantes de las m\u00e1quinas herramienta.<\/p>\n\n\n\n<p>Gracias a la instalaci\u00f3n de dispensadores de agua potable ubicados estrat\u00e9gicamente en diferentes \u00e1reas de la planta, se ha eliminado el uso de botellas de agua de pl\u00e1stico.<\/p>\n\n\n\n<p>Los residuos generados por los procesos de mecanizado se recogen por separado y se env\u00edan a centros de recogida que se encargan de su posterior reciclaje en fundiciones.<\/p>\n\n\n\n<p>Se ha fomentado la recogida selectiva de residuos. Mediante la revisi\u00f3n y el redise\u00f1o de los materiales y el proceso de producci\u00f3n, la empresa ha reducido la energ\u00eda necesaria para fabricar los motores de freno, lo que ha resultado en una disminuci\u00f3n de las emisiones de gases de efecto invernadero. Se ha mejorado la eficiencia energ\u00e9tica de los motores y los frenos, y se ha dado preferencia a materiales con un bajo impacto ambiental. El embalaje se realiza con cart\u00f3n reciclado, eliminando el uso de pl\u00e1stico.<\/p>\n<\/div><\/div>\n\n\n\n<div style=\"height:48px\" aria-hidden=\"true\" class=\"wp-block-spacer\"><\/div>\n\n\n<div id=\"gutenslider-gxsqnjmce\" class=\"wp-block-eedee-block-gutenslider gs-frontend content-change alignnone arrow-style-1 arrow-position-sides arrow-mb-none arrows-lg arrows-md arrows-sm dot-style-1 dots-lg dots-md dots-sm dot-position-bottom is-position-center-center mb-none wrap-auto-height\" data-parallax-direction=\"down\" data-parallax-amount=\"1.3\" data-lg-transition=\"lg-slide\" data-hash=\"\" ><div class=\"eedee-swiper-outer\" style=\"--gutenslider-min-height: 407px;--gutenslider-arrow-size: 30px;--gutenslider-dot-size: 21px;--gutenslider-arrow-color: #ffffff;--gutenslider-dot-color: #ffffff;--gutenslider-padding-y-mobile: 40px;--gutenslider-padding-x-mobile: 40px;--gutenslider-padding-y-tablet: 40px;--gutenslider-padding-x-tablet: 40px;--gutenslider-padding-y-desktop: 40px;--gutenslider-padding-x-desktop: 40px;--gutenslider-bg-image: url();--gutenslider-min-height-md: 50vh;--gutenslider-min-height-sm: 50vh;--gutenslider-padding-x: 40px;--gutenslider-padding-x-md: 40px;--gutenslider-padding-x-sm: 20px;--gutenslider-padding-y: 40px;--gutenslider-padding-y-md: 40px;--gutenslider-padding-y-sm: 20px;--gutenslider-arrow-size-md: 30px;--gutenslider-arrow-size-sm: 30px;--gutenslider-dot-size-md: 21px;--gutenslider-dot-size-sm: 21px;--gutenslider-arrow-bg-color: transparent;--gutenslider-arrow-hover-color: #eeeeee;--gutenslider-arrow-bg-hover-color: transparent;--gutenslider-arrow-x-offset: 10px;--gutenslider-arrow-x-offset-md: 10px;--gutenslider-arrow-x-offset-sm: 10px;--gutenslider-arrow-y-offset: 0px;--gutenslider-arrow-y-offset-md: 0px;--gutenslider-arrow-y-offset-sm: 0px;--gutenslider-arrow-x-spacing: 0px;--gutenslider-dot-y-offset: 33px;--gutenslider-dot-y-offset-md: 33px;--gutenslider-dot-y-offset-sm: 33px;--gutenslider-margin-x: 0px;--gutenslider-margin-x-md: 0px;--gutenslider-margin-x-sm: 0px;--gutenslider-margin-y: 0px;--gutenslider-margin-y-md: 0px;--gutenslider-margin-y-sm: 0px;--gutenslider-divider-top: 60px;--gutenslider-divider-bottom: 60px;--gutenslider-lightgallery-bg: #ffffff;--gutenslider-lightgallery-font: #000000;--gs-first-pos: 50% 50%;--gs-gap-vertical: var( --wp--style--gallery-gap-default, var( --gallery-block--gutter-size, var( --wp--style--block-gap, 0.5em ) ) );--gs-gap-horizontal: var( --wp--style--gallery-gap-default, var( --gallery-block--gutter-size, var( --wp--style--block-gap, 0.5em ) ) );\"><div class=\"gutenslider-divider-top\" style=\"color:#fff;\"><\/div><div class=\"swiper\" data-settings='{\"autoplay\":{\"delay\":3000,\"pauseOnMouseEnter\":true,\"disableOnInteraction\":false},\"speed\":700,\"direction\":\"horizontal\",\"autoHeight\":\"\",\"loop\":false,\"centeredSlides\":true,\"spaceBetween\":0,\"slidesPerView\":\"auto\",\"slidesPerGroup\":1,\"effect\":\"slide\",\"coverflowEffect\":{\"rotate\":30,\"slideShadows\":false,\"depth\":100,\"stretch\":50,\"modifier\":1},\"fadeEffect\":{\"crossFade\":true},\"zoom\":\"\",\"navigation\":{\"nextEl\":\"#gutenslider-gxsqnjmce .eedee-gutenslider-next\",\"prevEl\":\"#gutenslider-gxsqnjmce .eedee-gutenslider-prev\"},\"pagination\":{\"type\":\"bullets\",\"clickable\":true,\"dynamicBullets\":false,\"el\":\"#gutenslider-gxsqnjmce .eedee-gutenslider-pagination\"},\"pauseOnHover\":\"1\",\"watchSlidesProgress\":true,\"watchSlidesVisibility\":true,\"settingsMd\":{\"autoHeight\":\"\",\"slidesPerView\":\"auto\",\"slidesPerGroup\":1,\"spaceBetween\":0,\"loop\":false},\"settingsLg\":{\"autoHeight\":\"\",\"slidesPerView\":\"auto\",\"slidesPerGroup\":1,\"spaceBetween\":0,\"loop\":false},\"hasLg\":false,\"hasLgCounter\":true,\"isFullScreen\":false,\"arrowsFollowMouse\":false,\"lgTitle\":\"none\",\"lgCaption\":\"none\",\"lgThumbnails\":true,\"lgZoomEnabled\":false,\"keyboard\":{\"keyboard\":{\"enabled\":true,\"onlyInViewport\":true}},\"hashNavigation\":false,\"dividers\":false}'><div class=\"swiper-wrapper\">\n<div class=\"swiper-slide wp-block-eedee-block-gutenslide is-position-center-center ed-bg-image\" style=\"--ed-vw:300;--ed-vh:213;\" data-hash=\"\"><div class=\"eedee-background-div bg-image\"><img loading=\"lazy\" width=\"704\" height=\"499\" class=\"wp-image-18811\" src=\"https:\/\/mgmrestop.wpengine.com\/wp-content\/uploads\/2022\/05\/image002.jpg\" alt=\"\" decoding=\"async\" style=\"object-fit: cover; object-position: 50% 50%;\"  data-title=\"image002\" srcset=\"https:\/\/www.mgmrestop.com\/wp-content\/uploads\/2022\/05\/image002.jpg 704w, https:\/\/www.mgmrestop.com\/wp-content\/uploads\/2022\/05\/image002-300x213.jpg 300w, https:\/\/www.mgmrestop.com\/wp-content\/uploads\/2022\/05\/image002-540x383.jpg 540w\" sizes=\"(max-width: 704px) 100vw, 704px\" \/><div class=\"eedee-background-div__overlay\" style=\"opacity:1;\"><\/div><\/div><div class=\"slide-content\">\n\n<p class=\"has-text-align-center gutenslider-content-initial has-larger-font-size\"><\/p>\n\n<\/div><\/div>\n<div class=\"swiper-slide wp-block-eedee-block-gutenslide is-position-center-center ed-bg-none\" style=\"--slide-min-width:80%;\" data-hash=\"\"><div class=\"eedee-background-div no-media-background\"><div class=\"eedee-background-div__overlay\" style=\"opacity:1;\"><\/div><\/div><div class=\"slide-content\">\n\n<figure class=\"wp-block-video alignwide\"><video controls poster=\"https:\/\/mgmrestop.wpengine.com\/wp-content\/uploads\/2022\/05\/copertina-video.jpg\" src=\"https:\/\/mgmrestop.wpengine.com\/wp-content\/uploads\/2022\/05\/1651050963562.mp4\"><\/video><\/figure>\n\n<\/div><\/div>\n<div class=\"swiper-slide wp-block-eedee-block-gutenslide is-position-center-center\" style=\"--slide-min-width:80%;\" data-hash=\"\"><div class=\"eedee-background-div no-media-background\"><div class=\"eedee-background-div__overlay\" style=\"opacity:1;background:#fffa;\"><\/div><\/div><div class=\"slide-content\">\n\n<p class=\"has-text-align-center gutenslider-content-initial has-larger-font-size\"><\/p>\n\n<\/div><\/div>\n<div class=\"swiper-slide wp-block-eedee-block-gutenslide is-position-center-center\" style=\"--slide-min-width:80%;\" data-hash=\"\"><div class=\"eedee-background-div no-media-background\"><div class=\"eedee-background-div__overlay\" style=\"opacity:1;background:#fffa;\"><\/div><\/div><div class=\"slide-content\">\n\n<p class=\"has-text-align-center gutenslider-content-initial has-larger-font-size\"><\/p>\n\n<\/div><\/div>\n<!-- \/wp:eed\nee\/block-gutenslider -->\nEl desarrollo sostenible y el respeto al medio ambiente son objetivos muy importantes para M.G.M. Motori Elettrici. En la planta de Serravalle Pistoiese, casi el 100% de la energ\u00eda el\u00e9ctrica consumida se produce a trav\u00e9s de paneles fotovoltaicos instalados en el techo.\nPr\u00f3ximamente se tiene prevista una ampliaci\u00f3n de la capacidad del sistema fotovoltaico para facilitar la transici\u00f3n del parque de veh\u00edculos de la empresa hacia la energ\u00eda el\u00e9ctrica.\nLa climatizaci\u00f3n del edificio se realiza mediante un sistema geot\u00e9rmico que aprovecha el intercambio de calor con el terreno a una gran profundidad, lo que permite lograr un importante ahorro energ\u00e9tico tanto en invierno como en verano.\nAdem\u00e1s, la empresa ha trabajado en la mejora del ciclo de producci\u00f3n, realizando intervenciones en las instalaciones, mejorando el aislamiento de los edificios y optimizando el sistema de iluminaci\u00f3n para lograr una mayor eficiencia energ\u00e9tica.\nSe han implementado medidas significativas para reducir el consumo de agua potable, como la recolecci\u00f3n de agua de lluvia y el reciclaje del agua de condensaci\u00f3n utilizada en los l\u00edquidos refrigerantes de las m\u00e1quinas herramienta. \nGracias a la instalaci\u00f3n de dispensadores de agua potable estrat\u00e9gicamente ubicados en las diferentes \u00e1reas de la planta, se ha eliminado el uso de botellas de agua de pl\u00e1stico.\nLos residuos generados por los procesos de mecanizado se recogen por separado y se env\u00edan a centros de reciclaje y fundiciones para su reutilizaci\u00f3n.\nSe ha promovido el aumento de la recogida selectiva de residuos.\nMediante la revisi\u00f3n y el redise\u00f1o de los materiales y del proceso de producci\u00f3n, la empresa ha logrado reducir la cantidad de energ\u00eda necesaria para fabricar los motores de freno, lo que ha llevado a una disminuci\u00f3n de las emisiones de gases de efecto invernadero.\nAdem\u00e1s, se ha mejorado la eficiencia energ\u00e9tica de los motores y los frenos, y se ha dado prioridad al uso de materiales con un menor impacto ambiental. El embalaje se realiza con cart\u00f3n reciclado en lugar de pl\u00e1stico.\n<\/div><\/div><button class=\"eedee-gutenslider-nav eedee-gutenslider-prev\"><svg xmlns=\"http:\/\/www.w3.org\/2000\/svg\" viewBox=\"0 0 24 24\" width=\"24\" height=\"24\"><circle class=\"bg\" cx=\"13\" cy=\"12\" r=\"11\" \/><path fill=\"none\" d=\"M0 0h24v24H0z\"\/><path class=\"arrow\" d=\"M10.828 12l4.95 4.95-1.414 1.414L8 12l6.364-6.364 1.414 1.414z\"\/><\/svg><\/button><button class=\"eedee-gutenslider-nav eedee-gutenslider-next\"><svg xmlns=\"http:\/\/www.w3.org\/2000\/svg\" viewBox=\"0 0 24 24\" width=\"24\" height=\"24\"><circle class=\"bg\" cx=\"11\" cy=\"12\" r=\"11\" \/><path fill=\"none\" d=\"M0 0h24v24H0z\"\/><path class=\"arrow\" d=\"M13.172 12l-4.95-4.95 1.414-1.414L16 12l-6.364 6.364-1.414-1.414z\"\/><\/svg><\/button><div class=\"eedee-gutenslider-pagination\"><\/div><div class=\"gutenslider-divider-bottom \" style=\"color:#fff;\"><\/div><\/div><\/div>","protected":false},"excerpt":{"rendered":"<p>El desarrollo sostenible y el respeto al medio ambiente son objetivos muy importantes para M.G.M. Motori Elettrici. En la planta de Serravalle Pistoiese, casi el 100% de la&hellip;<\/p>\n","protected":false},"author":1,"featured_media":0,"parent":0,"menu_order":41,"comment_status":"closed","ping_status":"closed","template":"template-full-width.php","meta":{"_acf_changed":false,"_coblocks_attr":"","_coblocks_dimensions":"","_coblocks_responsive_height":"","_coblocks_accordion_ie_support":"","_uag_custom_page_level_css":"","footnotes":""},"class_list":["post-27299","page","type-page","status-publish","has-post-thumbnail","hentry"],"acf":[],"yoast_head":"<!-- This site is optimized with the Yoast SEO plugin v24.5 - https:\/\/yoast.com\/wordpress\/plugins\/seo\/ -->\n<title>Sostenibilidad medioambiental - M.G.M. Motori Elettrici S.p.a.<\/title>\n<meta name=\"robots\" content=\"index, follow, max-snippet:-1, max-image-preview:large, max-video-preview:-1\" \/>\n<link rel=\"canonical\" href=\"https:\/\/www.mgmrestop.com\/es\/sostenibilidad-medioambiental\/\" \/>\n<meta property=\"og:locale\" content=\"es_ES\" \/>\n<meta property=\"og:type\" content=\"article\" \/>\n<meta property=\"og:title\" content=\"Sostenibilidad medioambiental - M.G.M. Motori Elettrici S.p.a.\" \/>\n<meta property=\"og:description\" content=\"El desarrollo sostenible y el respeto al medio ambiente son objetivos muy importantes para M.G.M. Motori Elettrici. En la planta de Serravalle Pistoiese, casi el 100% de la&hellip;\" \/>\n<meta property=\"og:url\" content=\"https:\/\/www.mgmrestop.com\/es\/sostenibilidad-medioambiental\/\" \/>\n<meta property=\"og:site_name\" content=\"MGM Motor Stop\" \/>\n<meta property=\"article:modified_time\" content=\"2024-05-22T13:28:24+00:00\" \/>\n<meta name=\"twitter:card\" content=\"summary_large_image\" \/>\n<meta name=\"twitter:label1\" content=\"Tiempo de lectura\" \/>\n\t<meta name=\"twitter:data1\" content=\"4 minutos\" \/>\n<script type=\"application\/ld+json\" class=\"yoast-schema-graph\">{\"@context\":\"https:\/\/schema.org\",\"@graph\":[{\"@type\":\"WebPage\",\"@id\":\"https:\/\/www.mgmrestop.com\/es\/sostenibilidad-medioambiental\/\",\"url\":\"https:\/\/www.mgmrestop.com\/es\/sostenibilidad-medioambiental\/\",\"name\":\"Sostenibilidad medioambiental - M.G.M. Motori Elettrici S.p.a.\",\"isPartOf\":{\"@id\":\"https:\/\/www.mgmrestop.com\/#website\"},\"datePublished\":\"2022-05-04T16:20:21+00:00\",\"dateModified\":\"2024-05-22T13:28:24+00:00\",\"breadcrumb\":{\"@id\":\"https:\/\/www.mgmrestop.com\/es\/sostenibilidad-medioambiental\/#breadcrumb\"},\"inLanguage\":\"es\",\"potentialAction\":[{\"@type\":\"ReadAction\",\"target\":[\"https:\/\/www.mgmrestop.com\/es\/sostenibilidad-medioambiental\/\"]}]},{\"@type\":\"BreadcrumbList\",\"@id\":\"https:\/\/www.mgmrestop.com\/es\/sostenibilidad-medioambiental\/#breadcrumb\",\"itemListElement\":[{\"@type\":\"ListItem\",\"position\":1,\"name\":\"Home\",\"item\":\"https:\/\/www.mgmrestop.com\/es\/\"},{\"@type\":\"ListItem\",\"position\":2,\"name\":\"Sostenibilidad medioambiental\"}]},{\"@type\":\"WebSite\",\"@id\":\"https:\/\/www.mgmrestop.com\/#website\",\"url\":\"https:\/\/www.mgmrestop.com\/\",\"name\":\"M.G.M. Motori Elettrici S.p.a.\",\"description\":\"\",\"publisher\":{\"@id\":\"https:\/\/www.mgmrestop.com\/#organization\"},\"potentialAction\":[{\"@type\":\"SearchAction\",\"target\":{\"@type\":\"EntryPoint\",\"urlTemplate\":\"https:\/\/www.mgmrestop.com\/?s={search_term_string}\"},\"query-input\":{\"@type\":\"PropertyValueSpecification\",\"valueRequired\":true,\"valueName\":\"search_term_string\"}}],\"inLanguage\":\"es\"},{\"@type\":\"Organization\",\"@id\":\"https:\/\/www.mgmrestop.com\/#organization\",\"name\":\"M.G.M. Motori Elettrici S.p.a.\",\"url\":\"https:\/\/www.mgmrestop.com\/\",\"logo\":{\"@type\":\"ImageObject\",\"inLanguage\":\"es\",\"@id\":\"https:\/\/www.mgmrestop.com\/#\/schema\/logo\/image\/\",\"url\":\"https:\/\/www.mgmrestop.com\/wp-content\/uploads\/2023\/06\/cropped-MGM_Marchio_Logo_700px.png\",\"contentUrl\":\"https:\/\/www.mgmrestop.com\/wp-content\/uploads\/2023\/06\/cropped-MGM_Marchio_Logo_700px.png\",\"width\":2917,\"height\":1560,\"caption\":\"M.G.M. Motori Elettrici S.p.a.\"},\"image\":{\"@id\":\"https:\/\/www.mgmrestop.com\/#\/schema\/logo\/image\/\"}}]}<\/script>\n<!-- \/ Yoast SEO plugin. -->","yoast_head_json":{"title":"Sostenibilidad medioambiental - M.G.M. Motori Elettrici S.p.a.","robots":{"index":"index","follow":"follow","max-snippet":"max-snippet:-1","max-image-preview":"max-image-preview:large","max-video-preview":"max-video-preview:-1"},"canonical":"https:\/\/www.mgmrestop.com\/es\/sostenibilidad-medioambiental\/","og_locale":"es_ES","og_type":"article","og_title":"Sostenibilidad medioambiental - M.G.M. Motori Elettrici S.p.a.","og_description":"El desarrollo sostenible y el respeto al medio ambiente son objetivos muy importantes para M.G.M. Motori Elettrici. En la planta de Serravalle Pistoiese, casi el 100% de la&hellip;","og_url":"https:\/\/www.mgmrestop.com\/es\/sostenibilidad-medioambiental\/","og_site_name":"MGM Motor Stop","article_modified_time":"2024-05-22T13:28:24+00:00","twitter_card":"summary_large_image","twitter_misc":{"Tiempo de lectura":"4 minutos"},"schema":{"@context":"https:\/\/schema.org","@graph":[{"@type":"WebPage","@id":"https:\/\/www.mgmrestop.com\/es\/sostenibilidad-medioambiental\/","url":"https:\/\/www.mgmrestop.com\/es\/sostenibilidad-medioambiental\/","name":"Sostenibilidad medioambiental - M.G.M. Motori Elettrici S.p.a.","isPartOf":{"@id":"https:\/\/www.mgmrestop.com\/#website"},"datePublished":"2022-05-04T16:20:21+00:00","dateModified":"2024-05-22T13:28:24+00:00","breadcrumb":{"@id":"https:\/\/www.mgmrestop.com\/es\/sostenibilidad-medioambiental\/#breadcrumb"},"inLanguage":"es","potentialAction":[{"@type":"ReadAction","target":["https:\/\/www.mgmrestop.com\/es\/sostenibilidad-medioambiental\/"]}]},{"@type":"BreadcrumbList","@id":"https:\/\/www.mgmrestop.com\/es\/sostenibilidad-medioambiental\/#breadcrumb","itemListElement":[{"@type":"ListItem","position":1,"name":"Home","item":"https:\/\/www.mgmrestop.com\/es\/"},{"@type":"ListItem","position":2,"name":"Sostenibilidad medioambiental"}]},{"@type":"WebSite","@id":"https:\/\/www.mgmrestop.com\/#website","url":"https:\/\/www.mgmrestop.com\/","name":"M.G.M. Motori Elettrici S.p.a.","description":"","publisher":{"@id":"https:\/\/www.mgmrestop.com\/#organization"},"potentialAction":[{"@type":"SearchAction","target":{"@type":"EntryPoint","urlTemplate":"https:\/\/www.mgmrestop.com\/?s={search_term_string}"},"query-input":{"@type":"PropertyValueSpecification","valueRequired":true,"valueName":"search_term_string"}}],"inLanguage":"es"},{"@type":"Organization","@id":"https:\/\/www.mgmrestop.com\/#organization","name":"M.G.M. Motori Elettrici S.p.a.","url":"https:\/\/www.mgmrestop.com\/","logo":{"@type":"ImageObject","inLanguage":"es","@id":"https:\/\/www.mgmrestop.com\/#\/schema\/logo\/image\/","url":"https:\/\/www.mgmrestop.com\/wp-content\/uploads\/2023\/06\/cropped-MGM_Marchio_Logo_700px.png","contentUrl":"https:\/\/www.mgmrestop.com\/wp-content\/uploads\/2023\/06\/cropped-MGM_Marchio_Logo_700px.png","width":2917,"height":1560,"caption":"M.G.M. Motori Elettrici S.p.a."},"image":{"@id":"https:\/\/www.mgmrestop.com\/#\/schema\/logo\/image\/"}}]}},"featured_image_src":null,"featured_image_src_square":null,"uagb_featured_image_src":{"full":false,"thumbnail":false,"medium":false,"medium_large":false,"large":false,"gs-tiny":false,"xl":false,"xxl":false,"xxxl":false,"xxxxl":false,"xxxxxl":false,"1536x1536":false,"2048x2048":false,"gb-block-post-grid-landscape":false,"gb-block-post-grid-square":false,"news_homepage":false,"settori_homepage":false,"post-thumbnail":false,"chaplin_preview_image_low_resolution":false,"chaplin_preview_image_high_resolution":false,"chaplin_fullscreen":false},"uagb_author_info":{"display_name":"administrator","author_link":"https:\/\/www.mgmrestop.com\/es\/author\/administrator\/"},"uagb_comment_info":0,"uagb_excerpt":"El desarrollo sostenible y el respeto al medio ambiente son objetivos muy importantes para M.G.M. Motori Elettrici. En la planta de Serravalle Pistoiese, casi el 100% de la&hellip;","_links":{"self":[{"href":"https:\/\/www.mgmrestop.com\/es\/wp-json\/wp\/v2\/pages\/27299"}],"collection":[{"href":"https:\/\/www.mgmrestop.com\/es\/wp-json\/wp\/v2\/pages"}],"about":[{"href":"https:\/\/www.mgmrestop.com\/es\/wp-json\/wp\/v2\/types\/page"}],"author":[{"embeddable":true,"href":"https:\/\/www.mgmrestop.com\/es\/wp-json\/wp\/v2\/users\/1"}],"replies":[{"embeddable":true,"href":"https:\/\/www.mgmrestop.com\/es\/wp-json\/wp\/v2\/comments?post=27299"}],"version-history":[{"count":0,"href":"https:\/\/www.mgmrestop.com\/es\/wp-json\/wp\/v2\/pages\/27299\/revisions"}],"wp:attachment":[{"href":"https:\/\/www.mgmrestop.com\/es\/wp-json\/wp\/v2\/media?parent=27299"}],"curies":[{"name":"wp","href":"https:\/\/api.w.org\/{rel}","templated":true}]}}