{"id":27316,"date":"2023-04-19T16:21:16","date_gmt":"2023-04-19T16:21:16","guid":{"rendered":"https:\/\/www.mgmrestop.com\/?page_id=27316"},"modified":"2024-10-15T14:33:56","modified_gmt":"2024-10-15T14:33:56","slug":"asincronos-trifasico","status":"publish","type":"page","link":"https:\/\/www.mgmrestop.com\/es\/asincronos-trifasico\/","title":{"rendered":"As\u00edncronos Trif\u00e1sico"},"content":{"rendered":"\n<p style=\"font-size:14px\">M.G.M. Motori Elettrici produce motores as\u00edncronos trif\u00e1sicos, de simple y doble velocidad, con dimensiones constructivas comprendidas entre IEC 56 y IEC 315. Las principales caracter\u00edsticas son las siguientes.<\/p>\n\n\n\n<header id=\"serie-babax\" class=\"wp-block-group titolo-sezione mb-0 mt-0\"><div class=\"wp-block-group__inner-container is-layout-flow wp-block-group-is-layout-flow\">\n<div style=\"color:#ddd\" class=\"wp-block-genesis-blocks-gb-spacer gb-block-spacer gb-divider-solid gb-divider-size-1\"><hr style=\"height:20px\"\/><\/div>\n\n\n\n<h2 class=\"wp-block-heading has-larger-font-size\" id=\"ba-bax\" style=\"font-style:normal;font-weight:300;text-transform:uppercase\">SERIE SMX \u2013 SMD \u2013 SMDA<\/h2>\n\n\n\n<hr class=\"wp-block-coblocks-dynamic-separator is-style-fullwidth\" style=\"height:20px\"\/>\n<\/div><\/header>\n\n\n\n<div style=\"color:#ddd\" class=\"wp-block-genesis-blocks-gb-spacer gb-block-spacer gb-divider-solid gb-divider-size-1\"><hr style=\"height:20px\"\/><\/div>\n\n\n\n<ul class=\"wp-block-list\" style=\"font-size:14px\">\n<li>Motores as\u00edncronos trif\u00e1sicos con rotor de jaula de ardilla<\/li>\n\n\n\n<li>Rendimiento en clase IE2-IE3-IE4 (serie SMX)<\/li>\n\n\n\n<li>Altura del eje entre IEC 56 y IEC 315 mm<\/li>\n\n\n\n<li>Potencias disponibles incluidas entre 0,04 y 132 kW. Velocidad simple 2,4,6,8 polos (serie SMX) o velocidad doble 2\/4,4\/8 (serie SMD), 2\/8,2\/6,2\/12,4\/6,4\/12,4\/16 polos (serie SMDA)<\/li>\n\n\n\n<li>Construcci\u00f3n cerrada (TEFC)<\/li>\n\n\n\n<li>Carcasa de aluminio hasta la altura del eje 132 y de fundici\u00f3n a partir de la altura del eje IEC 160 mm<\/li>\n\n\n\n<li>Brida de hierro fundido a partir de la altura del eje IEC 100 mm<\/li>\n\n\n\n<li>Grado de protecci\u00f3n IP55<\/li>\n\n\n\n<li>Aislamiento de clase F (clase H a petici\u00f3n)<\/li>\n\n\n\n<li>Adecuados para su uso\n\n con inversor<\/li>\n\n\n\n<li>Certificaci\u00f3n cCSAus (a petici\u00f3n),<\/li>\n\n\n\n<li>Cumplimiento de los requisitos de eficiencia EISA (CC051A) y NRC (a petici\u00f3n)<\/li>\n\n\n\n<li>Certificaci\u00f3n CCC y etiqueta energ\u00e9tica de China para la eficiencia (a petici\u00f3n)<\/li>\n\n\n\n<li>Certificaci\u00f3n EAC (a petici\u00f3n)<\/li>\n<\/ul>\n\n\n\n<div style=\"color:#ddd\" class=\"wp-block-genesis-blocks-gb-spacer gb-block-spacer gb-divider-solid gb-divider-size-1\"><hr style=\"height:20px\"\/><\/div>\n\n\n\n<p class=\"has-text-align-center has-small-font-size\"><strong>Tambi\u00e9n est\u00e1n disponibles las siguientes opciones:<\/strong><\/p>\n\n\n\n<div class=\"wp-block-columns is-layout-flex wp-container-core-columns-is-layout-1 wp-block-columns-is-layout-flex\">\n<div class=\"wp-block-column is-layout-flow wp-block-column-is-layout-flow\">\n<figure class=\"wp-block-image alignwide size-large\"><img loading=\"lazy\" decoding=\"async\" width=\"1024\" height=\"683\" src=\"https:\/\/www.mgmrestop.com\/wp-content\/uploads\/2024\/10\/Motore-serie-SMX-1024x683.jpg\" alt=\"\" class=\"wp-image-31445\" srcset=\"https:\/\/www.mgmrestop.com\/wp-content\/uploads\/2024\/10\/Motore-serie-SMX-1024x683.jpg 1024w, https:\/\/www.mgmrestop.com\/wp-content\/uploads\/2024\/10\/Motore-serie-SMX-300x200.jpg 300w, https:\/\/www.mgmrestop.com\/wp-content\/uploads\/2024\/10\/Motore-serie-SMX-768x512.jpg 768w, https:\/\/www.mgmrestop.com\/wp-content\/uploads\/2024\/10\/Motore-serie-SMX-50x33.jpg 50w, https:\/\/www.mgmrestop.com\/wp-content\/uploads\/2024\/10\/Motore-serie-SMX-1600x1067.jpg 1600w, https:\/\/www.mgmrestop.com\/wp-content\/uploads\/2024\/10\/Motore-serie-SMX-1536x1024.jpg 1536w, https:\/\/www.mgmrestop.com\/wp-content\/uploads\/2024\/10\/Motore-serie-SMX-2048x1365.jpg 2048w, https:\/\/www.mgmrestop.com\/wp-content\/uploads\/2024\/10\/Motore-serie-SMX-600x400.jpg 600w, https:\/\/www.mgmrestop.com\/wp-content\/uploads\/2024\/10\/Motore-serie-SMX-263x175.jpg 263w, https:\/\/www.mgmrestop.com\/wp-content\/uploads\/2024\/10\/Motore-serie-SMX-540x360.jpg 540w, https:\/\/www.mgmrestop.com\/wp-content\/uploads\/2024\/10\/Motore-serie-SMX-1080x720.jpg 1080w, https:\/\/www.mgmrestop.com\/wp-content\/uploads\/2024\/10\/Motore-serie-SMX-1980x1320.jpg 1980w\" sizes=\"(max-width: 1024px) 100vw, 1024px\" \/><\/figure>\n\n\n\n<p><\/p>\n<\/div>\n\n\n\n<div class=\"wp-block-column is-layout-flow wp-block-column-is-layout-flow\">\n<ul class=\"wp-block-list\" style=\"font-size:14px\">\n<li>Tensiones especiales ( 230\/460V 60Hz, 575V 60Hz; 690V 50Hz, 220\/380V 60Hz,440V 60Hz etc.)<\/li>\n\n\n\n<li>Termoprotectores (PTO) o termistores (PTC)<\/li>\n\n\n\n<li>Calentadores anticondensaci\u00f3n<\/li>\n\n\n\n<li>Ventilaci\u00f3n auxiliar -AV (serie SMXAV)<\/li>\n\n\n\n<li>Codificador -E (serie SMXE)<\/li>\n\n\n\n<li>Ejes y bridas de dimensiones no unificadas<\/li>\n\n\n\n<li>Motores con dimensiones NEMA<\/li>\n\n\n\n<li>Ejecuci\u00f3n marina<\/li>\n<\/ul>\n\n\n\n<div class=\"wp-block-group catalogo catalogo-wrapper\"><div class=\"wp-block-group__inner-container is-layout-flow wp-block-group-is-layout-flow\">\n<div class=\"wp-block-group buttondown\"><div class=\"wp-block-group__inner-container is-layout-flow wp-block-group-is-layout-flow\"><style>.wp-block-kadence-icon.kt-svg-icons27316_aa391c-7a{justify-content:flex-end;}<\/style>\n<div class=\"wp-block-kadence-icon kt-svg-icons kt-svg-icons27316_aa391c-7a alignnone\"><style>.kt-svg-item-27316_fe7ffc-f1 .kb-svg-icon-wrap, .kt-svg-style-stacked.kt-svg-item-27316_fe7ffc-f1 .kb-svg-icon-wrap{color:#444444;font-size:15px;}<\/style>\n<div class=\"wp-block-kadence-single-icon kt-svg-style-default kt-svg-icon-wrap kt-svg-item-27316_fe7ffc-f1\"><span class=\"kb-svg-icon-wrap kb-svg-icon-fas_file-pdf\"><svg viewBox=\"0 0 384 512\"  fill=\"currentColor\" xmlns=\"http:\/\/www.w3.org\/2000\/svg\"  aria-hidden=\"true\"><path d=\"M181.9 256.1c-5-16-4.9-46.9-2-46.9 8.4 0 7.6 36.9 2 46.9zm-1.7 47.2c-7.7 20.2-17.3 43.3-28.4 62.7 18.3-7 39-17.2 62.9-21.9-12.7-9.6-24.9-23.4-34.5-40.8zM86.1 428.1c0 .8 13.2-5.4 34.9-40.2-6.7 6.3-29.1 24.5-34.9 40.2zM248 160h136v328c0 13.3-10.7 24-24 24H24c-13.3 0-24-10.7-24-24V24C0 10.7 10.7 0 24 0h200v136c0 13.2 10.8 24 24 24zm-8 171.8c-20-12.2-33.3-29-42.7-53.8 4.5-18.5 11.6-46.6 6.2-64.2-4.7-29.4-42.4-26.5-47.8-6.8-5 18.3-.4 44.1 8.1 77-11.6 27.6-28.7 64.6-40.8 85.8-.1 0-.1.1-.2.1-27.1 13.9-73.6 44.5-54.5 68 5.6 6.9 16 10 21.5 10 17.9 0 35.7-18 61.1-61.8 25.8-8.5 54.1-19.1 79-23.2 21.7 11.8 47.1 19.5 64 19.5 29.2 0 31.2-32 19.7-43.4-13.9-13.6-54.3-9.7-73.6-7.2zM377 105L279 7c-4.5-4.5-10.6-7-17-7h-6v128h128v-6.1c0-6.3-2.5-12.4-7-16.9zm-74.1 255.3c4.1-2.7-2.5-11.9-42.8-9 37.1 15.8 42.8 9 42.8 9z\"\/><\/svg><\/span><\/div>\n<\/div>\n\n\n\n<p class=\"has-text-align-center\">DESCARGAR CAT\u00c1LOGO<\/p>\n<\/div><\/div>\n\n\n\n<ul class=\"is-style-default has-primary-color has-text-color wp-block-list\">\n<li><a href=\"https:\/\/www.mgmrestop.com\/wp-content\/uploads\/2023\/06\/MGM-serie-SMX-A07H0123.pdf\">IT<\/a><\/li>\n\n\n\n<li><a href=\"https:\/\/www.mgmrestop.com\/wp-content\/uploads\/2023\/06\/MGM-serie-SMX-A07H0123.pdf\">EN<\/a><\/li>\n<\/ul>\n<\/div><\/div>\n<\/div>\n<\/div>\n","protected":false},"excerpt":{"rendered":"<p>M.G.M. Motori Elettrici produce motores as\u00edncronos trif\u00e1sicos, de simple y doble velocidad, con dimensiones constructivas comprendidas entre IEC 56 y IEC 315. Las principales caracter\u00edsticas son las siguientes.&hellip;<\/p>\n","protected":false},"author":1,"featured_media":0,"parent":0,"menu_order":65,"comment_status":"closed","ping_status":"closed","template":"template-full-width.php","meta":{"_acf_changed":false,"_coblocks_attr":"","_coblocks_dimensions":"","_coblocks_responsive_height":"","_coblocks_accordion_ie_support":"","_uag_custom_page_level_css":"","footnotes":""},"class_list":["post-27316","page","type-page","status-publish","has-post-thumbnail","hentry"],"acf":[],"yoast_head":"<!-- This site is optimized with the Yoast SEO plugin v24.5 - https:\/\/yoast.com\/wordpress\/plugins\/seo\/ -->\n<title>As\u00edncronos Trif\u00e1sico - M.G.M. Motori Elettrici S.p.a.<\/title>\n<meta name=\"robots\" content=\"index, follow, max-snippet:-1, max-image-preview:large, max-video-preview:-1\" \/>\n<link rel=\"canonical\" href=\"https:\/\/www.mgmrestop.com\/es\/asincronos-trifasico\/\" \/>\n<meta property=\"og:locale\" content=\"es_ES\" \/>\n<meta property=\"og:type\" content=\"article\" \/>\n<meta property=\"og:title\" content=\"As\u00edncronos Trif\u00e1sico - M.G.M. Motori Elettrici S.p.a.\" \/>\n<meta property=\"og:description\" content=\"M.G.M. Motori Elettrici produce motores as\u00edncronos trif\u00e1sicos, de simple y doble velocidad, con dimensiones constructivas comprendidas entre IEC 56 y IEC 315. Las principales caracter\u00edsticas son las siguientes.&hellip;\" \/>\n<meta property=\"og:url\" content=\"https:\/\/www.mgmrestop.com\/es\/asincronos-trifasico\/\" \/>\n<meta property=\"og:site_name\" content=\"MGM Motor Stop\" \/>\n<meta property=\"article:modified_time\" content=\"2024-10-15T14:33:56+00:00\" \/>\n<meta property=\"og:image\" content=\"https:\/\/www.mgmrestop.com\/wp-content\/uploads\/2024\/10\/Motore-serie-SMX-scaled.jpg\" \/>\n\t<meta property=\"og:image:width\" content=\"2560\" \/>\n\t<meta property=\"og:image:height\" content=\"1707\" \/>\n\t<meta property=\"og:image:type\" content=\"image\/jpeg\" \/>\n<meta name=\"twitter:card\" content=\"summary_large_image\" \/>\n<meta name=\"twitter:label1\" content=\"Tiempo de lectura\" \/>\n\t<meta name=\"twitter:data1\" content=\"1 minuto\" \/>\n<script type=\"application\/ld+json\" class=\"yoast-schema-graph\">{\"@context\":\"https:\/\/schema.org\",\"@graph\":[{\"@type\":\"WebPage\",\"@id\":\"https:\/\/www.mgmrestop.com\/es\/asincronos-trifasico\/\",\"url\":\"https:\/\/www.mgmrestop.com\/es\/asincronos-trifasico\/\",\"name\":\"As\u00edncronos Trif\u00e1sico - M.G.M. Motori Elettrici S.p.a.\",\"isPartOf\":{\"@id\":\"https:\/\/www.mgmrestop.com\/#website\"},\"primaryImageOfPage\":{\"@id\":\"https:\/\/www.mgmrestop.com\/es\/asincronos-trifasico\/#primaryimage\"},\"image\":{\"@id\":\"https:\/\/www.mgmrestop.com\/es\/asincronos-trifasico\/#primaryimage\"},\"thumbnailUrl\":\"https:\/\/www.mgmrestop.com\/wp-content\/uploads\/2024\/10\/Motore-serie-SMX-1024x683.jpg\",\"datePublished\":\"2023-04-19T16:21:16+00:00\",\"dateModified\":\"2024-10-15T14:33:56+00:00\",\"breadcrumb\":{\"@id\":\"https:\/\/www.mgmrestop.com\/es\/asincronos-trifasico\/#breadcrumb\"},\"inLanguage\":\"es\",\"potentialAction\":[{\"@type\":\"ReadAction\",\"target\":[\"https:\/\/www.mgmrestop.com\/es\/asincronos-trifasico\/\"]}]},{\"@type\":\"ImageObject\",\"inLanguage\":\"es\",\"@id\":\"https:\/\/www.mgmrestop.com\/es\/asincronos-trifasico\/#primaryimage\",\"url\":\"https:\/\/www.mgmrestop.com\/wp-content\/uploads\/2024\/10\/Motore-serie-SMX-1024x683.jpg\",\"contentUrl\":\"https:\/\/www.mgmrestop.com\/wp-content\/uploads\/2024\/10\/Motore-serie-SMX-1024x683.jpg\"},{\"@type\":\"BreadcrumbList\",\"@id\":\"https:\/\/www.mgmrestop.com\/es\/asincronos-trifasico\/#breadcrumb\",\"itemListElement\":[{\"@type\":\"ListItem\",\"position\":1,\"name\":\"Home\",\"item\":\"https:\/\/www.mgmrestop.com\/es\/\"},{\"@type\":\"ListItem\",\"position\":2,\"name\":\"As\u00edncronos Trif\u00e1sico\"}]},{\"@type\":\"WebSite\",\"@id\":\"https:\/\/www.mgmrestop.com\/#website\",\"url\":\"https:\/\/www.mgmrestop.com\/\",\"name\":\"M.G.M. Motori Elettrici S.p.a.\",\"description\":\"\",\"publisher\":{\"@id\":\"https:\/\/www.mgmrestop.com\/#organization\"},\"potentialAction\":[{\"@type\":\"SearchAction\",\"target\":{\"@type\":\"EntryPoint\",\"urlTemplate\":\"https:\/\/www.mgmrestop.com\/?s={search_term_string}\"},\"query-input\":{\"@type\":\"PropertyValueSpecification\",\"valueRequired\":true,\"valueName\":\"search_term_string\"}}],\"inLanguage\":\"es\"},{\"@type\":\"Organization\",\"@id\":\"https:\/\/www.mgmrestop.com\/#organization\",\"name\":\"M.G.M. Motori Elettrici S.p.a.\",\"url\":\"https:\/\/www.mgmrestop.com\/\",\"logo\":{\"@type\":\"ImageObject\",\"inLanguage\":\"es\",\"@id\":\"https:\/\/www.mgmrestop.com\/#\/schema\/logo\/image\/\",\"url\":\"https:\/\/www.mgmrestop.com\/wp-content\/uploads\/2023\/06\/cropped-MGM_Marchio_Logo_700px.png\",\"contentUrl\":\"https:\/\/www.mgmrestop.com\/wp-content\/uploads\/2023\/06\/cropped-MGM_Marchio_Logo_700px.png\",\"width\":2917,\"height\":1560,\"caption\":\"M.G.M. Motori Elettrici S.p.a.\"},\"image\":{\"@id\":\"https:\/\/www.mgmrestop.com\/#\/schema\/logo\/image\/\"}}]}<\/script>\n<!-- \/ Yoast SEO plugin. -->","yoast_head_json":{"title":"As\u00edncronos Trif\u00e1sico - M.G.M. Motori Elettrici S.p.a.","robots":{"index":"index","follow":"follow","max-snippet":"max-snippet:-1","max-image-preview":"max-image-preview:large","max-video-preview":"max-video-preview:-1"},"canonical":"https:\/\/www.mgmrestop.com\/es\/asincronos-trifasico\/","og_locale":"es_ES","og_type":"article","og_title":"As\u00edncronos Trif\u00e1sico - M.G.M. Motori Elettrici S.p.a.","og_description":"M.G.M. Motori Elettrici produce motores as\u00edncronos trif\u00e1sicos, de simple y doble velocidad, con dimensiones constructivas comprendidas entre IEC 56 y IEC 315. Las principales caracter\u00edsticas son las siguientes.&hellip;","og_url":"https:\/\/www.mgmrestop.com\/es\/asincronos-trifasico\/","og_site_name":"MGM Motor Stop","article_modified_time":"2024-10-15T14:33:56+00:00","og_image":[{"width":2560,"height":1707,"url":"https:\/\/www.mgmrestop.com\/wp-content\/uploads\/2024\/10\/Motore-serie-SMX-scaled.jpg","type":"image\/jpeg"}],"twitter_card":"summary_large_image","twitter_misc":{"Tiempo de lectura":"1 minuto"},"schema":{"@context":"https:\/\/schema.org","@graph":[{"@type":"WebPage","@id":"https:\/\/www.mgmrestop.com\/es\/asincronos-trifasico\/","url":"https:\/\/www.mgmrestop.com\/es\/asincronos-trifasico\/","name":"As\u00edncronos Trif\u00e1sico - M.G.M. Motori Elettrici S.p.a.","isPartOf":{"@id":"https:\/\/www.mgmrestop.com\/#website"},"primaryImageOfPage":{"@id":"https:\/\/www.mgmrestop.com\/es\/asincronos-trifasico\/#primaryimage"},"image":{"@id":"https:\/\/www.mgmrestop.com\/es\/asincronos-trifasico\/#primaryimage"},"thumbnailUrl":"https:\/\/www.mgmrestop.com\/wp-content\/uploads\/2024\/10\/Motore-serie-SMX-1024x683.jpg","datePublished":"2023-04-19T16:21:16+00:00","dateModified":"2024-10-15T14:33:56+00:00","breadcrumb":{"@id":"https:\/\/www.mgmrestop.com\/es\/asincronos-trifasico\/#breadcrumb"},"inLanguage":"es","potentialAction":[{"@type":"ReadAction","target":["https:\/\/www.mgmrestop.com\/es\/asincronos-trifasico\/"]}]},{"@type":"ImageObject","inLanguage":"es","@id":"https:\/\/www.mgmrestop.com\/es\/asincronos-trifasico\/#primaryimage","url":"https:\/\/www.mgmrestop.com\/wp-content\/uploads\/2024\/10\/Motore-serie-SMX-1024x683.jpg","contentUrl":"https:\/\/www.mgmrestop.com\/wp-content\/uploads\/2024\/10\/Motore-serie-SMX-1024x683.jpg"},{"@type":"BreadcrumbList","@id":"https:\/\/www.mgmrestop.com\/es\/asincronos-trifasico\/#breadcrumb","itemListElement":[{"@type":"ListItem","position":1,"name":"Home","item":"https:\/\/www.mgmrestop.com\/es\/"},{"@type":"ListItem","position":2,"name":"As\u00edncronos Trif\u00e1sico"}]},{"@type":"WebSite","@id":"https:\/\/www.mgmrestop.com\/#website","url":"https:\/\/www.mgmrestop.com\/","name":"M.G.M. Motori Elettrici S.p.a.","description":"","publisher":{"@id":"https:\/\/www.mgmrestop.com\/#organization"},"potentialAction":[{"@type":"SearchAction","target":{"@type":"EntryPoint","urlTemplate":"https:\/\/www.mgmrestop.com\/?s={search_term_string}"},"query-input":{"@type":"PropertyValueSpecification","valueRequired":true,"valueName":"search_term_string"}}],"inLanguage":"es"},{"@type":"Organization","@id":"https:\/\/www.mgmrestop.com\/#organization","name":"M.G.M. Motori Elettrici S.p.a.","url":"https:\/\/www.mgmrestop.com\/","logo":{"@type":"ImageObject","inLanguage":"es","@id":"https:\/\/www.mgmrestop.com\/#\/schema\/logo\/image\/","url":"https:\/\/www.mgmrestop.com\/wp-content\/uploads\/2023\/06\/cropped-MGM_Marchio_Logo_700px.png","contentUrl":"https:\/\/www.mgmrestop.com\/wp-content\/uploads\/2023\/06\/cropped-MGM_Marchio_Logo_700px.png","width":2917,"height":1560,"caption":"M.G.M. Motori Elettrici S.p.a."},"image":{"@id":"https:\/\/www.mgmrestop.com\/#\/schema\/logo\/image\/"}}]}},"featured_image_src":null,"featured_image_src_square":null,"uagb_featured_image_src":{"full":false,"thumbnail":false,"medium":false,"medium_large":false,"large":false,"gs-tiny":false,"xl":false,"xxl":false,"xxxl":false,"xxxxl":false,"xxxxxl":false,"1536x1536":false,"2048x2048":false,"gb-block-post-grid-landscape":false,"gb-block-post-grid-square":false,"news_homepage":false,"settori_homepage":false,"post-thumbnail":false,"chaplin_preview_image_low_resolution":false,"chaplin_preview_image_high_resolution":false,"chaplin_fullscreen":false},"uagb_author_info":{"display_name":"administrator","author_link":"https:\/\/www.mgmrestop.com\/es\/author\/administrator\/"},"uagb_comment_info":0,"uagb_excerpt":"M.G.M. Motori Elettrici produce motores as\u00edncronos trif\u00e1sicos, de simple y doble velocidad, con dimensiones constructivas comprendidas entre IEC 56 y IEC 315. Las principales caracter\u00edsticas son las siguientes.&hellip;","_links":{"self":[{"href":"https:\/\/www.mgmrestop.com\/es\/wp-json\/wp\/v2\/pages\/27316"}],"collection":[{"href":"https:\/\/www.mgmrestop.com\/es\/wp-json\/wp\/v2\/pages"}],"about":[{"href":"https:\/\/www.mgmrestop.com\/es\/wp-json\/wp\/v2\/types\/page"}],"author":[{"embeddable":true,"href":"https:\/\/www.mgmrestop.com\/es\/wp-json\/wp\/v2\/users\/1"}],"replies":[{"embeddable":true,"href":"https:\/\/www.mgmrestop.com\/es\/wp-json\/wp\/v2\/comments?post=27316"}],"version-history":[{"count":0,"href":"https:\/\/www.mgmrestop.com\/es\/wp-json\/wp\/v2\/pages\/27316\/revisions"}],"wp:attachment":[{"href":"https:\/\/www.mgmrestop.com\/es\/wp-json\/wp\/v2\/media?parent=27316"}],"curies":[{"name":"wp","href":"https:\/\/api.w.org\/{rel}","templated":true}]}}