{"id":27324,"date":"2022-03-18T15:29:37","date_gmt":"2022-03-18T15:29:37","guid":{"rendered":"https:\/\/www.mgmrestop.com\/?page_id=27324"},"modified":"2023-06-05T17:05:12","modified_gmt":"2023-06-05T17:05:12","slug":"video-manutenzione","status":"publish","type":"page","link":"https:\/\/www.mgmrestop.com\/es\/video-manutenzione\/","title":{"rendered":"V\u00eddeo Mantenimiento"},"content":{"rendered":"\n<div class=\"wp-block-columns is-layout-flex wp-container-core-columns-is-layout-1 wp-block-columns-is-layout-flex\">\n<div class=\"wp-block-column is-layout-flow wp-block-column-is-layout-flow\">\n<h4 class=\"wp-block-heading\">Regulaci\u00f3n par de frenado serie BA<\/h4>\n\n\n\n<iframe loading=\"lazy\" width=\"560\" height=\"315\" src=\"https:\/\/www.youtube.com\/embed\/rHl5gSM7JXo?rel=0\" title=\"YouTube video player\" frameborder=\"0\" allow=\"accelerometer; autoplay; clipboard-write; encrypted-media; gyroscope; picture-in-picture\" allowfullscreen=\"\"><\/iframe>\n<\/div>\n\n\n\n<div class=\"wp-block-column is-layout-flow wp-block-column-is-layout-flow\">\n<h4 class=\"wp-block-heading\">Sustituci\u00f3n electroim\u00e1n serie BA<\/h4>\n\n\n\n<iframe loading=\"lazy\" width=\"560\" height=\"315\" src=\"https:\/\/www.youtube.com\/embed\/YncQHr5MKUY?rel=0\" title=\"YouTube video player\" frameborder=\"0\" allow=\"accelerometer; autoplay; clipboard-write; encrypted-media; gyroscope; picture-in-picture\" allowfullscreen=\"\"><\/iframe>\n<\/div>\n<\/div>\n\n\n\n<div class=\"wp-block-columns is-layout-flex wp-container-core-columns-is-layout-2 wp-block-columns-is-layout-flex\">\n<div class=\"wp-block-column is-layout-flow wp-block-column-is-layout-flow\">\n<h4 class=\"wp-block-heading\">Regulaci\u00f3n del entrehierro serie BA<\/h4>\n\n\n\n<iframe loading=\"lazy\" width=\"560\" height=\"315\" src=\"https:\/\/www.youtube.com\/embed\/Ks2n3T8flBQ?rel=0\" title=\"YouTube video player\" frameborder=\"0\" allow=\"accelerometer; autoplay; clipboard-write; encrypted-media; gyroscope; picture-in-picture\" allowfullscreen=\"\"><\/iframe>\n<\/div>\n\n\n\n<div class=\"wp-block-column is-layout-flow wp-block-column-is-layout-flow\">\n<h4 class=\"wp-block-heading\">Sustituci\u00f3n disco de freno serie BA<\/h4>\n\n\n\n<iframe loading=\"lazy\" width=\"560\" height=\"315\" src=\"https:\/\/www.youtube.com\/embed\/GUlJhM1xvU0?rel=0\" title=\"YouTube video player\" frameborder=\"0\" allow=\"accelerometer; autoplay; clipboard-write; encrypted-media; gyroscope; picture-in-picture\" allowfullscreen=\"\"><\/iframe>\n<\/div>\n<\/div>\n","protected":false},"excerpt":{"rendered":"<p>Regulaci\u00f3n par de frenado serie BA Sustituci\u00f3n electroim\u00e1n serie BA Regulaci\u00f3n del entrehierro serie BA Sustituci\u00f3n disco de freno serie BA<\/p>\n","protected":false},"author":1,"featured_media":0,"parent":0,"menu_order":54,"comment_status":"closed","ping_status":"closed","template":"template-full-width.php","meta":{"_acf_changed":false,"_coblocks_attr":"","_coblocks_dimensions":"","_coblocks_responsive_height":"","_coblocks_accordion_ie_support":"","_uag_custom_page_level_css":"","footnotes":""},"class_list":["post-27324","page","type-page","status-publish","has-post-thumbnail","hentry"],"acf":[],"yoast_head":"<!-- This site is optimized with the Yoast SEO plugin v24.5 - https:\/\/yoast.com\/wordpress\/plugins\/seo\/ -->\n<title>V\u00eddeo Mantenimiento - M.G.M. Motori Elettrici S.p.a.<\/title>\n<meta name=\"robots\" content=\"index, follow, max-snippet:-1, max-image-preview:large, max-video-preview:-1\" \/>\n<link rel=\"canonical\" href=\"https:\/\/www.mgmrestop.com\/es\/video-manutenzione\/\" \/>\n<meta property=\"og:locale\" content=\"es_ES\" \/>\n<meta property=\"og:type\" content=\"article\" \/>\n<meta property=\"og:title\" content=\"V\u00eddeo Mantenimiento - M.G.M. Motori Elettrici S.p.a.\" \/>\n<meta property=\"og:description\" content=\"Regulaci\u00f3n par de frenado serie BA Sustituci\u00f3n electroim\u00e1n serie BA Regulaci\u00f3n del entrehierro serie BA Sustituci\u00f3n disco de freno serie BA\" \/>\n<meta property=\"og:url\" content=\"https:\/\/www.mgmrestop.com\/es\/video-manutenzione\/\" \/>\n<meta property=\"og:site_name\" content=\"MGM Motor Stop\" \/>\n<meta property=\"article:modified_time\" content=\"2023-06-05T17:05:12+00:00\" \/>\n<meta name=\"twitter:card\" content=\"summary_large_image\" \/>\n<script type=\"application\/ld+json\" class=\"yoast-schema-graph\">{\"@context\":\"https:\/\/schema.org\",\"@graph\":[{\"@type\":\"WebPage\",\"@id\":\"https:\/\/www.mgmrestop.com\/es\/video-manutenzione\/\",\"url\":\"https:\/\/www.mgmrestop.com\/es\/video-manutenzione\/\",\"name\":\"V\u00eddeo Mantenimiento - M.G.M. Motori Elettrici S.p.a.\",\"isPartOf\":{\"@id\":\"https:\/\/www.mgmrestop.com\/#website\"},\"datePublished\":\"2022-03-18T15:29:37+00:00\",\"dateModified\":\"2023-06-05T17:05:12+00:00\",\"breadcrumb\":{\"@id\":\"https:\/\/www.mgmrestop.com\/es\/video-manutenzione\/#breadcrumb\"},\"inLanguage\":\"es\",\"potentialAction\":[{\"@type\":\"ReadAction\",\"target\":[\"https:\/\/www.mgmrestop.com\/es\/video-manutenzione\/\"]}]},{\"@type\":\"BreadcrumbList\",\"@id\":\"https:\/\/www.mgmrestop.com\/es\/video-manutenzione\/#breadcrumb\",\"itemListElement\":[{\"@type\":\"ListItem\",\"position\":1,\"name\":\"Home\",\"item\":\"https:\/\/www.mgmrestop.com\/es\/\"},{\"@type\":\"ListItem\",\"position\":2,\"name\":\"V\u00eddeo Mantenimiento\"}]},{\"@type\":\"WebSite\",\"@id\":\"https:\/\/www.mgmrestop.com\/#website\",\"url\":\"https:\/\/www.mgmrestop.com\/\",\"name\":\"M.G.M. Motori Elettrici S.p.a.\",\"description\":\"\",\"publisher\":{\"@id\":\"https:\/\/www.mgmrestop.com\/#organization\"},\"potentialAction\":[{\"@type\":\"SearchAction\",\"target\":{\"@type\":\"EntryPoint\",\"urlTemplate\":\"https:\/\/www.mgmrestop.com\/?s={search_term_string}\"},\"query-input\":{\"@type\":\"PropertyValueSpecification\",\"valueRequired\":true,\"valueName\":\"search_term_string\"}}],\"inLanguage\":\"es\"},{\"@type\":\"Organization\",\"@id\":\"https:\/\/www.mgmrestop.com\/#organization\",\"name\":\"M.G.M. Motori Elettrici S.p.a.\",\"url\":\"https:\/\/www.mgmrestop.com\/\",\"logo\":{\"@type\":\"ImageObject\",\"inLanguage\":\"es\",\"@id\":\"https:\/\/www.mgmrestop.com\/#\/schema\/logo\/image\/\",\"url\":\"https:\/\/www.mgmrestop.com\/wp-content\/uploads\/2023\/06\/cropped-MGM_Marchio_Logo_700px.png\",\"contentUrl\":\"https:\/\/www.mgmrestop.com\/wp-content\/uploads\/2023\/06\/cropped-MGM_Marchio_Logo_700px.png\",\"width\":2917,\"height\":1560,\"caption\":\"M.G.M. Motori Elettrici S.p.a.\"},\"image\":{\"@id\":\"https:\/\/www.mgmrestop.com\/#\/schema\/logo\/image\/\"}}]}<\/script>\n<!-- \/ Yoast SEO plugin. -->","yoast_head_json":{"title":"V\u00eddeo Mantenimiento - M.G.M. Motori Elettrici S.p.a.","robots":{"index":"index","follow":"follow","max-snippet":"max-snippet:-1","max-image-preview":"max-image-preview:large","max-video-preview":"max-video-preview:-1"},"canonical":"https:\/\/www.mgmrestop.com\/es\/video-manutenzione\/","og_locale":"es_ES","og_type":"article","og_title":"V\u00eddeo Mantenimiento - M.G.M. Motori Elettrici S.p.a.","og_description":"Regulaci\u00f3n par de frenado serie BA Sustituci\u00f3n electroim\u00e1n serie BA Regulaci\u00f3n del entrehierro serie BA Sustituci\u00f3n disco de freno serie BA","og_url":"https:\/\/www.mgmrestop.com\/es\/video-manutenzione\/","og_site_name":"MGM Motor Stop","article_modified_time":"2023-06-05T17:05:12+00:00","twitter_card":"summary_large_image","schema":{"@context":"https:\/\/schema.org","@graph":[{"@type":"WebPage","@id":"https:\/\/www.mgmrestop.com\/es\/video-manutenzione\/","url":"https:\/\/www.mgmrestop.com\/es\/video-manutenzione\/","name":"V\u00eddeo Mantenimiento - M.G.M. Motori Elettrici S.p.a.","isPartOf":{"@id":"https:\/\/www.mgmrestop.com\/#website"},"datePublished":"2022-03-18T15:29:37+00:00","dateModified":"2023-06-05T17:05:12+00:00","breadcrumb":{"@id":"https:\/\/www.mgmrestop.com\/es\/video-manutenzione\/#breadcrumb"},"inLanguage":"es","potentialAction":[{"@type":"ReadAction","target":["https:\/\/www.mgmrestop.com\/es\/video-manutenzione\/"]}]},{"@type":"BreadcrumbList","@id":"https:\/\/www.mgmrestop.com\/es\/video-manutenzione\/#breadcrumb","itemListElement":[{"@type":"ListItem","position":1,"name":"Home","item":"https:\/\/www.mgmrestop.com\/es\/"},{"@type":"ListItem","position":2,"name":"V\u00eddeo Mantenimiento"}]},{"@type":"WebSite","@id":"https:\/\/www.mgmrestop.com\/#website","url":"https:\/\/www.mgmrestop.com\/","name":"M.G.M. Motori Elettrici S.p.a.","description":"","publisher":{"@id":"https:\/\/www.mgmrestop.com\/#organization"},"potentialAction":[{"@type":"SearchAction","target":{"@type":"EntryPoint","urlTemplate":"https:\/\/www.mgmrestop.com\/?s={search_term_string}"},"query-input":{"@type":"PropertyValueSpecification","valueRequired":true,"valueName":"search_term_string"}}],"inLanguage":"es"},{"@type":"Organization","@id":"https:\/\/www.mgmrestop.com\/#organization","name":"M.G.M. Motori Elettrici S.p.a.","url":"https:\/\/www.mgmrestop.com\/","logo":{"@type":"ImageObject","inLanguage":"es","@id":"https:\/\/www.mgmrestop.com\/#\/schema\/logo\/image\/","url":"https:\/\/www.mgmrestop.com\/wp-content\/uploads\/2023\/06\/cropped-MGM_Marchio_Logo_700px.png","contentUrl":"https:\/\/www.mgmrestop.com\/wp-content\/uploads\/2023\/06\/cropped-MGM_Marchio_Logo_700px.png","width":2917,"height":1560,"caption":"M.G.M. Motori Elettrici S.p.a."},"image":{"@id":"https:\/\/www.mgmrestop.com\/#\/schema\/logo\/image\/"}}]}},"featured_image_src":null,"featured_image_src_square":null,"uagb_featured_image_src":{"full":false,"thumbnail":false,"medium":false,"medium_large":false,"large":false,"gs-tiny":false,"xl":false,"xxl":false,"xxxl":false,"xxxxl":false,"xxxxxl":false,"1536x1536":false,"2048x2048":false,"gb-block-post-grid-landscape":false,"gb-block-post-grid-square":false,"news_homepage":false,"settori_homepage":false,"post-thumbnail":false,"chaplin_preview_image_low_resolution":false,"chaplin_preview_image_high_resolution":false,"chaplin_fullscreen":false},"uagb_author_info":{"display_name":"administrator","author_link":"https:\/\/www.mgmrestop.com\/es\/author\/administrator\/"},"uagb_comment_info":0,"uagb_excerpt":"Regulaci\u00f3n par de frenado serie BA Sustituci\u00f3n electroim\u00e1n serie BA Regulaci\u00f3n del entrehierro serie BA Sustituci\u00f3n disco de freno serie BA","_links":{"self":[{"href":"https:\/\/www.mgmrestop.com\/es\/wp-json\/wp\/v2\/pages\/27324"}],"collection":[{"href":"https:\/\/www.mgmrestop.com\/es\/wp-json\/wp\/v2\/pages"}],"about":[{"href":"https:\/\/www.mgmrestop.com\/es\/wp-json\/wp\/v2\/types\/page"}],"author":[{"embeddable":true,"href":"https:\/\/www.mgmrestop.com\/es\/wp-json\/wp\/v2\/users\/1"}],"replies":[{"embeddable":true,"href":"https:\/\/www.mgmrestop.com\/es\/wp-json\/wp\/v2\/comments?post=27324"}],"version-history":[{"count":0,"href":"https:\/\/www.mgmrestop.com\/es\/wp-json\/wp\/v2\/pages\/27324\/revisions"}],"wp:attachment":[{"href":"https:\/\/www.mgmrestop.com\/es\/wp-json\/wp\/v2\/media?parent=27324"}],"curies":[{"name":"wp","href":"https:\/\/api.w.org\/{rel}","templated":true}]}}