{"id":26841,"date":"2022-04-28T15:32:16","date_gmt":"2022-04-28T15:32:16","guid":{"rendered":"https:\/\/www.mgmrestop.com\/?page_id=26841"},"modified":"2024-10-15T14:37:26","modified_gmt":"2024-10-15T14:37:26","slug":"serie-r","status":"publish","type":"page","link":"https:\/\/www.mgmrestop.com\/fr\/serie-r\/","title":{"rendered":"S\u00e9rie R"},"content":{"rendered":"\n<header id=\"serie-babax\" class=\"wp-block-group titolo-sezione mb-0 mt-0\"><div class=\"wp-block-group__inner-container is-layout-flow wp-block-group-is-layout-flow\">\n<h2 class=\"wp-block-heading has-larger-font-size\" id=\"ba-bax\" style=\"font-style:normal;font-weight:300;text-transform:uppercase\">Moteurs asynchrones triphas\u00e9s standard et frein\u00e9s automatiquement \u00e0 120 Hz<\/h2>\n\n\n\n<hr class=\"wp-block-coblocks-dynamic-separator is-style-fullwidth\" style=\"height:20px\"\/>\n<\/div><\/header>\n\n\n\n<div style=\"color:#ddd\" class=\"wp-block-genesis-blocks-gb-spacer gb-block-spacer gb-divider-solid gb-divider-size-1\"><hr style=\"height:20px\"\/><\/div>\n\n\n\n<div class=\"wp-block-columns is-layout-flex wp-container-core-columns-is-layout-1 wp-block-columns-is-layout-flex\">\n<div class=\"wp-block-column is-layout-flow wp-block-column-is-layout-flow\">\n<figure class=\"wp-block-image size-full is-resized has-lightbox\"><img loading=\"lazy\" decoding=\"async\" width=\"2560\" height=\"1707\" src=\"https:\/\/www.mgmrestop.com\/wp-content\/uploads\/2024\/10\/Motore-Serie-R-scaled.jpg\" alt=\"\" class=\"wp-image-31437\" srcset=\"https:\/\/www.mgmrestop.com\/wp-content\/uploads\/2024\/10\/Motore-Serie-R-scaled.jpg 2560w, https:\/\/www.mgmrestop.com\/wp-content\/uploads\/2024\/10\/Motore-Serie-R-300x200.jpg 300w, https:\/\/www.mgmrestop.com\/wp-content\/uploads\/2024\/10\/Motore-Serie-R-1024x683.jpg 1024w, https:\/\/www.mgmrestop.com\/wp-content\/uploads\/2024\/10\/Motore-Serie-R-768x512.jpg 768w, https:\/\/www.mgmrestop.com\/wp-content\/uploads\/2024\/10\/Motore-Serie-R-50x33.jpg 50w, https:\/\/www.mgmrestop.com\/wp-content\/uploads\/2024\/10\/Motore-Serie-R-1600x1067.jpg 1600w, https:\/\/www.mgmrestop.com\/wp-content\/uploads\/2024\/10\/Motore-Serie-R-1536x1024.jpg 1536w, https:\/\/www.mgmrestop.com\/wp-content\/uploads\/2024\/10\/Motore-Serie-R-2048x1365.jpg 2048w, https:\/\/www.mgmrestop.com\/wp-content\/uploads\/2024\/10\/Motore-Serie-R-600x400.jpg 600w, https:\/\/www.mgmrestop.com\/wp-content\/uploads\/2024\/10\/Motore-Serie-R-263x175.jpg 263w, https:\/\/www.mgmrestop.com\/wp-content\/uploads\/2024\/10\/Motore-Serie-R-540x360.jpg 540w, https:\/\/www.mgmrestop.com\/wp-content\/uploads\/2024\/10\/Motore-Serie-R-1080x720.jpg 1080w, https:\/\/www.mgmrestop.com\/wp-content\/uploads\/2024\/10\/Motore-Serie-R-1980x1320.jpg 1980w\" sizes=\"(max-width: 2560px) 100vw, 2560px\" \/><\/figure>\n<\/div>\n\n\n\n<div class=\"wp-block-column is-layout-flow wp-block-column-is-layout-flow\">\n<p style=\"font-size:14px\">La s\u00e9rie \u00ab&nbsp;R&nbsp;\u00bb se compose d&rsquo;une nouvelle g\u00e9n\u00e9ration de <strong>moteurs asynchrones normaux<\/strong> (SMR) et <strong><a href=\"\/fr\/motori-elettrici-autofrenanti\/\">auto-frein\u00e9s<\/a><\/strong> (BAR ou BMR) \u00e0 4 et 6 p\u00f4les avec une hauteur d&rsquo;axe entre 56 et 132.<\/p>\n\n\n\n<p style=\"font-size:14px\">Les moteurs de la s\u00e9rie R ne peuvent \u00eatre aliment\u00e9s que par un variateur de fr\u00e9quence. La fr\u00e9quence de r\u00e9f\u00e9rence \u00e0 400V est de 120Hz au lieu de 400V 50Hz comme les moteurs de s\u00e9rie dont ils d\u00e9rivent.<\/p>\n\n\n\n<p style=\"font-size:14px\">La technologie de construction particuli\u00e8re utilis\u00e9e permet d&rsquo;obtenir les caract\u00e9ristiques suivantes :<\/p>\n\n\n\n<ul class=\"wp-block-list\" style=\"font-size:14px\">\n<li>couple constant de 3 \u00e0 120 Hz<\/li>\n\n\n\n<li>couple proche du nominal \u00e0 0 tr\/min (avec retour)<\/li>\n\n\n\n<li>encombrement r\u00e9duit de deux tailles par rapport \u00e0 un moteur standard de m\u00eame puissance<\/li>\n\n\n\n<li>faibles valeurs de moment d&rsquo;inertie (dynamique \u00e9lev\u00e9e) par rapport \u00e0 un moteur de m\u00eame puissance<\/li>\n\n\n\n<li>excellent comportement en transitoire (4 p\u00f4les) et en service continu (6 p\u00f4les)<\/li>\n\n\n\n<li>optimisation pour une utilisation avec diff\u00e9rents types de variateurs de fr\u00e9quence du commerce&nbsp;<\/li>\n\n\n\n<li>degr\u00e9 d&rsquo;\u00e9quilibrage adapt\u00e9 au fonctionnement \u00e0 grande vitesse<\/li>\n\n\n\n<li>taille et construction m\u00e9canique \u00e9gales \u00e0 celles d&rsquo;un moteur standard<\/li>\n\n\n\n<li>bruit limit\u00e9<\/li>\n\n\n\n<li>connexions \u00e9lectriques similaires au produit standard<\/li>\n\n\n\n<li>possibilit\u00e9 d&rsquo;\u00eatre \u00e9quip\u00e9 d&rsquo;un codeur pour le retour<\/li>\n\n\n\n<li>facilit\u00e9 d&rsquo;utilisation et de connexion (des connecteurs ne sont pas n\u00e9cessaires)<\/li>\n<\/ul>\n\n\n\n<div class=\"wp-block-group catalogo catalogo-wrapper\"><div class=\"wp-block-group__inner-container is-layout-flow wp-block-group-is-layout-flow\">\n<div class=\"wp-block-group buttondown\"><div class=\"wp-block-group__inner-container is-layout-flow wp-block-group-is-layout-flow\"><style>.wp-block-kadence-icon.kt-svg-icons26841_eff6b2-b7{justify-content:flex-end;}<\/style>\n<div class=\"wp-block-kadence-icon kt-svg-icons kt-svg-icons26841_eff6b2-b7 alignnone\"><style>.kt-svg-item-26841_42f471-c1 .kb-svg-icon-wrap, .kt-svg-style-stacked.kt-svg-item-26841_42f471-c1 .kb-svg-icon-wrap{color:#444444;font-size:15px;}<\/style>\n<div class=\"wp-block-kadence-single-icon kt-svg-style-default kt-svg-icon-wrap kt-svg-item-26841_42f471-c1\"><span class=\"kb-svg-icon-wrap kb-svg-icon-fas_file-pdf\"><svg viewBox=\"0 0 384 512\"  fill=\"currentColor\" xmlns=\"http:\/\/www.w3.org\/2000\/svg\"  aria-hidden=\"true\"><path d=\"M181.9 256.1c-5-16-4.9-46.9-2-46.9 8.4 0 7.6 36.9 2 46.9zm-1.7 47.2c-7.7 20.2-17.3 43.3-28.4 62.7 18.3-7 39-17.2 62.9-21.9-12.7-9.6-24.9-23.4-34.5-40.8zM86.1 428.1c0 .8 13.2-5.4 34.9-40.2-6.7 6.3-29.1 24.5-34.9 40.2zM248 160h136v328c0 13.3-10.7 24-24 24H24c-13.3 0-24-10.7-24-24V24C0 10.7 10.7 0 24 0h200v136c0 13.2 10.8 24 24 24zm-8 171.8c-20-12.2-33.3-29-42.7-53.8 4.5-18.5 11.6-46.6 6.2-64.2-4.7-29.4-42.4-26.5-47.8-6.8-5 18.3-.4 44.1 8.1 77-11.6 27.6-28.7 64.6-40.8 85.8-.1 0-.1.1-.2.1-27.1 13.9-73.6 44.5-54.5 68 5.6 6.9 16 10 21.5 10 17.9 0 35.7-18 61.1-61.8 25.8-8.5 54.1-19.1 79-23.2 21.7 11.8 47.1 19.5 64 19.5 29.2 0 31.2-32 19.7-43.4-13.9-13.6-54.3-9.7-73.6-7.2zM377 105L279 7c-4.5-4.5-10.6-7-17-7h-6v128h128v-6.1c0-6.3-2.5-12.4-7-16.9zm-74.1 255.3c4.1-2.7-2.5-11.9-42.8-9 37.1 15.8 42.8 9 42.8 9z\"\/><\/svg><\/span><\/div>\n<\/div>\n\n\n\n<p class=\"has-text-align-center\">T\u00c9L\u00c9CHARGER LE CATALOGUE<\/p>\n<\/div><\/div>\n\n\n\n<ul class=\"is-style-default has-primary-color has-text-color wp-block-list\">\n<li><a href=\"https:\/\/www.mgmrestop.com\/wp-content\/uploads\/2022\/06\/MGM-Serie-R-A26H0022.pdf\" target=\"_blank\" rel=\"noreferrer noopener\">IT<\/a><\/li>\n\n\n\n<li><a href=\"https:\/\/www.mgmrestop.com\/wp-content\/uploads\/2022\/06\/MGM-Serie-R-A26H0022.pdf\" target=\"_blank\" rel=\"noreferrer noopener\">EN<\/a><\/li>\n<\/ul>\n<\/div><\/div>\n<\/div>\n<\/div>\n\n\n\n<p style=\"font-size:14px\">Les moteurs de s\u00e9rie sont \u00e9quip\u00e9s de protections thermiques, de stator et de rotor aux caract\u00e9ristiques magn\u00e9tiques particuli\u00e8rement \u00e9lev\u00e9es, de bobinage con\u00e7u et impr\u00e9gn\u00e9 pour un fonctionnement \u00e0 haute fr\u00e9quence, de roulements adapt\u00e9s aux vitesses de rotation \u00e9lev\u00e9es. Ces moteurs sont soigneusement \u00e9quilibr\u00e9s pour \u00e9viter les vibrations.<\/p>\n\n\n\n<p style=\"font-size:14px\">Toutes les formes constructives et tous les accessoires des moteurs normaux de s\u00e9rie sont disponibles.<\/p>\n\n\n\n<p style=\"font-size:14px\">L&rsquo;indice de protection standard est IP 54 pour les moteurs frein et IP55 pour les moteurs standards. Sur demande, les moteurs peuvent \u00eatre fournis avec un indice de protection jusqu&rsquo;\u00e0 IP56. Tous les moteurs peuvent \u00eatre fournis pr\u00e9-dispos\u00e9s pour codeur ou complets avec codeur.&nbsp;<\/p>\n\n\n\n<p style=\"font-size:14px\">Les applications les plus courantes sont celles des secteurs de l&rsquo;automatisation et de l&#8217;emballage (c\u00e9ramique, bandes transporteuses, entrep\u00f4ts automatiques, etc.) ; les applications typiques sont celles des machines qui utilisent \u00e0 la fois des moteurs asynchrones entra\u00een\u00e9s par des variateurs de fr\u00e9quence et des <strong>moteurs brushless<\/strong>, plus particuli\u00e8rement pour un service intermittent.<\/p>\n\n\n\n<p style=\"font-size:14px\">Dans le premier cas (<strong>remplacement de moteurs asynchrones<\/strong>), ils sont indiqu\u00e9s dans toutes les applications dans lesquelles l&rsquo;augmentation de la vitesse conduit \u00e0 fonctionner \u00e0 une fr\u00e9quence sup\u00e9rieure \u00e0 la fr\u00e9quence de base du moteur avec une diminution cons\u00e9quente du couple. Plus pr\u00e9cis\u00e9ment, l&rsquo;utilisation de ces moteurs permet de garder le m\u00eame rapport de r\u00e9duction du r\u00e9ducteur tout en augmentant la fr\u00e9quence.&nbsp;<\/p>\n\n\n\n<p style=\"font-size:14px\">Les moteurs de la s\u00e9rie \u00ab&nbsp;R&nbsp;\u00bb offrent de plus grandes possibilit\u00e9s de r\u00e9glage (plage de fr\u00e9quence plus large), de meilleures caract\u00e9ristiques dynamiques, une consommation d&rsquo;\u00e9nergie similaire ou inf\u00e9rieure avec une taille et un poids de moteur inf\u00e9rieurs pour une m\u00eame puissance.<\/p>\n\n\n\n<p style=\"font-size:14px\">L&rsquo;utilisation de ce produit en remplacement d&rsquo;un moteur asynchrone oblige \u00e0 augmenter le rapport de transmission dans le cas o\u00f9 l&rsquo;on souhaite r\u00e9duire la taille du moteur \u00e0 puissance \u00e9gale.<\/p>\n\n\n\n<p style=\"font-size:14px\">La r\u00e9duction de taille et de poids \u00e0 puissance \u00e9gale de sortie est tr\u00e8s sensible; cela se traduit par des \u00e9conomies sur le co\u00fbt de la transmission (moteur plus r\u00e9ducteur) et une r\u00e9duction du co\u00fbt de la structure de la machine.<\/p>\n\n\n\n<p style=\"font-size:14px\">L&rsquo;utilisation de ces moteurs permet \u00e9galement, avec un rapport de transmission appropri\u00e9, d&rsquo;augmenter la fr\u00e9quence basse de fonctionnement du moteur en passant \u00e0 une plage de vitesse pour laquelle une servo-ventilation n&rsquo;est pas n\u00e9cessaire.<\/p>\n\n\n\n<p style=\"font-size:14px\">Pour optimiser les avantages, il est recommand\u00e9 d&rsquo;utiliser un r\u00e9ducteur \u00e0 engrenages \u00e0 la place d\u2019un r\u00e9ducteur \u00e0 roue et vis sans fin.<\/p>\n\n\n\n<p style=\"font-size:14px\">Remplacement des moteurs brushless: ils constituent une alternative valable aux servomoteurs dans toutes les applications o\u00f9 une dynamique tr\u00e8s \u00e9lev\u00e9e n&rsquo;est pas requise et o\u00f9 une interpolation rigoureuse entre deux moteurs n&rsquo;est pas n\u00e9cessaire. Par rapport \u00e0 un moteur brushless, il pr\u00e9sente l&rsquo;avantage de la r\u00e9duction des co\u00fbts, de l&rsquo;absence de c\u00e2bles et de connecteurs d\u00e9di\u00e9s, et d&rsquo;une maintenance r\u00e9duite et d&rsquo;une extr\u00eame simplicit\u00e9 d&rsquo;utilisation, ne n\u00e9cessitant pas de personnel sp\u00e9cialis\u00e9.<\/p>\n\n\n\n<p style=\"font-size:14px\">\u00c0 terme ce nouveau produit permet de :<\/p>\n\n\n\n<ul class=\"wp-block-list\" style=\"font-size:14px\">\n<li>penser la motorisation des machines d&rsquo;une mani\u00e8re nouvelle<\/li>\n\n\n\n<li>utiliser un moteur asynchrone au lieu d&rsquo;un brushless<\/li>\n\n\n\n<li>avoir des machines plus petites et plus l\u00e9g\u00e8res que les machines actuelles avec la m\u00eame puissance<\/li>\n\n\n\n<li>avoir des plages de r\u00e9glage de vitesse plus importantes&nbsp;<\/li>\n\n\n\n<li>avoir une efficacit\u00e9 \u00e9lev\u00e9e<\/li>\n\n\n\n<li>avoir des masses r\u00e9duites \u00e0 puissance \u00e9gale<\/li>\n\n\n\n<li>avoir les m\u00eames accessoires que le produit standard (codeur, servo-ventilation, etc.)<\/li>\n\n\n\n<li>pouvoir utiliser n&rsquo;importe quel type de variateur de fr\u00e9quence du commerce&nbsp;<\/li>\n\n\n\n<li>pouvoir \u00e9liminer la servo-ventilation dans de nombreux cas<\/li>\n\n\n\n<li>de nombreux secteurs industriels ont standardis\u00e9 certains types et marques de variateurs de fr\u00e9quence; les moteurs de la s\u00e9rie \u00ab&nbsp;R&nbsp;\u00bb ont \u00e9t\u00e9 con\u00e7us et optimis\u00e9s pour \u00eatre extr\u00eamement polyvalents et capables de maintenir les m\u00eames performances avec tous les mod\u00e8les du commerce. Cette caract\u00e9ristique permet de ne pas changer de standard et de pouvoir utiliser le variateur de fr\u00e9quence consid\u00e9r\u00e9 comme le plus adapt\u00e9.<\/li>\n<\/ul>\n\n\n\n<p><\/p>\n\n\n\n<p class=\"has-normal-font-size\"><\/p>\n\n\n\n<p class=\"has-normal-font-size\"><\/p>\n","protected":false},"excerpt":{"rendered":"<p>Moteurs asynchrones triphas\u00e9s standard et frein\u00e9s automatiquement \u00e0 120 Hz La s\u00e9rie \u00ab&nbsp;R&nbsp;\u00bb se compose d&rsquo;une nouvelle g\u00e9n\u00e9ration de moteurs asynchrones normaux (SMR) et auto-frein\u00e9s (BAR ou BMR)&hellip;<\/p>\n","protected":false},"author":1,"featured_media":0,"parent":0,"menu_order":45,"comment_status":"closed","ping_status":"closed","template":"template-full-width.php","meta":{"_acf_changed":false,"_coblocks_attr":"","_coblocks_dimensions":"","_coblocks_responsive_height":"","_coblocks_accordion_ie_support":"","_uag_custom_page_level_css":"","footnotes":""},"class_list":["post-26841","page","type-page","status-publish","has-post-thumbnail","hentry"],"acf":[],"yoast_head":"<!-- This site is optimized with the Yoast SEO plugin v24.5 - https:\/\/yoast.com\/wordpress\/plugins\/seo\/ -->\n<title>S\u00e9rie R - M.G.M. Motori Elettrici S.p.a.<\/title>\n<meta name=\"robots\" content=\"index, follow, max-snippet:-1, max-image-preview:large, max-video-preview:-1\" \/>\n<link rel=\"canonical\" href=\"https:\/\/www.mgmrestop.com\/fr\/serie-r\/\" \/>\n<meta property=\"og:locale\" content=\"fr_FR\" \/>\n<meta property=\"og:type\" content=\"article\" \/>\n<meta property=\"og:title\" content=\"S\u00e9rie R - M.G.M. Motori Elettrici S.p.a.\" \/>\n<meta property=\"og:description\" content=\"Moteurs asynchrones triphas\u00e9s standard et frein\u00e9s automatiquement \u00e0 120 Hz La s\u00e9rie \u00ab&nbsp;R&nbsp;\u00bb se compose d&rsquo;une nouvelle g\u00e9n\u00e9ration de moteurs asynchrones normaux (SMR) et auto-frein\u00e9s (BAR ou BMR)&hellip;\" \/>\n<meta property=\"og:url\" content=\"https:\/\/www.mgmrestop.com\/fr\/serie-r\/\" \/>\n<meta property=\"og:site_name\" content=\"MGM Motor Stop\" \/>\n<meta property=\"article:modified_time\" content=\"2024-10-15T14:37:26+00:00\" \/>\n<meta property=\"og:image\" content=\"https:\/\/www.mgmrestop.com\/wp-content\/uploads\/2024\/10\/Motore-Serie-R-scaled.jpg\" \/>\n\t<meta property=\"og:image:width\" content=\"2560\" \/>\n\t<meta property=\"og:image:height\" content=\"1707\" \/>\n\t<meta property=\"og:image:type\" content=\"image\/jpeg\" \/>\n<meta name=\"twitter:card\" content=\"summary_large_image\" \/>\n<meta name=\"twitter:label1\" content=\"Dur\u00e9e de lecture estim\u00e9e\" \/>\n\t<meta name=\"twitter:data1\" content=\"5 minutes\" \/>\n<script type=\"application\/ld+json\" class=\"yoast-schema-graph\">{\"@context\":\"https:\/\/schema.org\",\"@graph\":[{\"@type\":\"WebPage\",\"@id\":\"https:\/\/www.mgmrestop.com\/fr\/serie-r\/\",\"url\":\"https:\/\/www.mgmrestop.com\/fr\/serie-r\/\",\"name\":\"S\u00e9rie R - M.G.M. Motori Elettrici S.p.a.\",\"isPartOf\":{\"@id\":\"https:\/\/www.mgmrestop.com\/#website\"},\"primaryImageOfPage\":{\"@id\":\"https:\/\/www.mgmrestop.com\/fr\/serie-r\/#primaryimage\"},\"image\":{\"@id\":\"https:\/\/www.mgmrestop.com\/fr\/serie-r\/#primaryimage\"},\"thumbnailUrl\":\"https:\/\/www.mgmrestop.com\/wp-content\/uploads\/2024\/10\/Motore-Serie-R-scaled.jpg\",\"datePublished\":\"2022-04-28T15:32:16+00:00\",\"dateModified\":\"2024-10-15T14:37:26+00:00\",\"breadcrumb\":{\"@id\":\"https:\/\/www.mgmrestop.com\/fr\/serie-r\/#breadcrumb\"},\"inLanguage\":\"fr-FR\",\"potentialAction\":[{\"@type\":\"ReadAction\",\"target\":[\"https:\/\/www.mgmrestop.com\/fr\/serie-r\/\"]}]},{\"@type\":\"ImageObject\",\"inLanguage\":\"fr-FR\",\"@id\":\"https:\/\/www.mgmrestop.com\/fr\/serie-r\/#primaryimage\",\"url\":\"https:\/\/www.mgmrestop.com\/wp-content\/uploads\/2024\/10\/Motore-Serie-R-scaled.jpg\",\"contentUrl\":\"https:\/\/www.mgmrestop.com\/wp-content\/uploads\/2024\/10\/Motore-Serie-R-scaled.jpg\"},{\"@type\":\"BreadcrumbList\",\"@id\":\"https:\/\/www.mgmrestop.com\/fr\/serie-r\/#breadcrumb\",\"itemListElement\":[{\"@type\":\"ListItem\",\"position\":1,\"name\":\"Home\",\"item\":\"https:\/\/www.mgmrestop.com\/fr\/\"},{\"@type\":\"ListItem\",\"position\":2,\"name\":\"S\u00e9rie R\"}]},{\"@type\":\"WebSite\",\"@id\":\"https:\/\/www.mgmrestop.com\/#website\",\"url\":\"https:\/\/www.mgmrestop.com\/\",\"name\":\"M.G.M. Motori Elettrici S.p.a.\",\"description\":\"\",\"publisher\":{\"@id\":\"https:\/\/www.mgmrestop.com\/#organization\"},\"potentialAction\":[{\"@type\":\"SearchAction\",\"target\":{\"@type\":\"EntryPoint\",\"urlTemplate\":\"https:\/\/www.mgmrestop.com\/?s={search_term_string}\"},\"query-input\":{\"@type\":\"PropertyValueSpecification\",\"valueRequired\":true,\"valueName\":\"search_term_string\"}}],\"inLanguage\":\"fr-FR\"},{\"@type\":\"Organization\",\"@id\":\"https:\/\/www.mgmrestop.com\/#organization\",\"name\":\"M.G.M. Motori Elettrici S.p.a.\",\"url\":\"https:\/\/www.mgmrestop.com\/\",\"logo\":{\"@type\":\"ImageObject\",\"inLanguage\":\"fr-FR\",\"@id\":\"https:\/\/www.mgmrestop.com\/#\/schema\/logo\/image\/\",\"url\":\"https:\/\/www.mgmrestop.com\/wp-content\/uploads\/2023\/06\/cropped-MGM_Marchio_Logo_700px.png\",\"contentUrl\":\"https:\/\/www.mgmrestop.com\/wp-content\/uploads\/2023\/06\/cropped-MGM_Marchio_Logo_700px.png\",\"width\":2917,\"height\":1560,\"caption\":\"M.G.M. Motori Elettrici S.p.a.\"},\"image\":{\"@id\":\"https:\/\/www.mgmrestop.com\/#\/schema\/logo\/image\/\"}}]}<\/script>\n<!-- \/ Yoast SEO plugin. -->","yoast_head_json":{"title":"S\u00e9rie R - M.G.M. Motori Elettrici S.p.a.","robots":{"index":"index","follow":"follow","max-snippet":"max-snippet:-1","max-image-preview":"max-image-preview:large","max-video-preview":"max-video-preview:-1"},"canonical":"https:\/\/www.mgmrestop.com\/fr\/serie-r\/","og_locale":"fr_FR","og_type":"article","og_title":"S\u00e9rie R - M.G.M. Motori Elettrici S.p.a.","og_description":"Moteurs asynchrones triphas\u00e9s standard et frein\u00e9s automatiquement \u00e0 120 Hz La s\u00e9rie \u00ab&nbsp;R&nbsp;\u00bb se compose d&rsquo;une nouvelle g\u00e9n\u00e9ration de moteurs asynchrones normaux (SMR) et auto-frein\u00e9s (BAR ou BMR)&hellip;","og_url":"https:\/\/www.mgmrestop.com\/fr\/serie-r\/","og_site_name":"MGM Motor Stop","article_modified_time":"2024-10-15T14:37:26+00:00","og_image":[{"width":2560,"height":1707,"url":"https:\/\/www.mgmrestop.com\/wp-content\/uploads\/2024\/10\/Motore-Serie-R-scaled.jpg","type":"image\/jpeg"}],"twitter_card":"summary_large_image","twitter_misc":{"Dur\u00e9e de lecture estim\u00e9e":"5 minutes"},"schema":{"@context":"https:\/\/schema.org","@graph":[{"@type":"WebPage","@id":"https:\/\/www.mgmrestop.com\/fr\/serie-r\/","url":"https:\/\/www.mgmrestop.com\/fr\/serie-r\/","name":"S\u00e9rie R - M.G.M. Motori Elettrici S.p.a.","isPartOf":{"@id":"https:\/\/www.mgmrestop.com\/#website"},"primaryImageOfPage":{"@id":"https:\/\/www.mgmrestop.com\/fr\/serie-r\/#primaryimage"},"image":{"@id":"https:\/\/www.mgmrestop.com\/fr\/serie-r\/#primaryimage"},"thumbnailUrl":"https:\/\/www.mgmrestop.com\/wp-content\/uploads\/2024\/10\/Motore-Serie-R-scaled.jpg","datePublished":"2022-04-28T15:32:16+00:00","dateModified":"2024-10-15T14:37:26+00:00","breadcrumb":{"@id":"https:\/\/www.mgmrestop.com\/fr\/serie-r\/#breadcrumb"},"inLanguage":"fr-FR","potentialAction":[{"@type":"ReadAction","target":["https:\/\/www.mgmrestop.com\/fr\/serie-r\/"]}]},{"@type":"ImageObject","inLanguage":"fr-FR","@id":"https:\/\/www.mgmrestop.com\/fr\/serie-r\/#primaryimage","url":"https:\/\/www.mgmrestop.com\/wp-content\/uploads\/2024\/10\/Motore-Serie-R-scaled.jpg","contentUrl":"https:\/\/www.mgmrestop.com\/wp-content\/uploads\/2024\/10\/Motore-Serie-R-scaled.jpg"},{"@type":"BreadcrumbList","@id":"https:\/\/www.mgmrestop.com\/fr\/serie-r\/#breadcrumb","itemListElement":[{"@type":"ListItem","position":1,"name":"Home","item":"https:\/\/www.mgmrestop.com\/fr\/"},{"@type":"ListItem","position":2,"name":"S\u00e9rie R"}]},{"@type":"WebSite","@id":"https:\/\/www.mgmrestop.com\/#website","url":"https:\/\/www.mgmrestop.com\/","name":"M.G.M. Motori Elettrici S.p.a.","description":"","publisher":{"@id":"https:\/\/www.mgmrestop.com\/#organization"},"potentialAction":[{"@type":"SearchAction","target":{"@type":"EntryPoint","urlTemplate":"https:\/\/www.mgmrestop.com\/?s={search_term_string}"},"query-input":{"@type":"PropertyValueSpecification","valueRequired":true,"valueName":"search_term_string"}}],"inLanguage":"fr-FR"},{"@type":"Organization","@id":"https:\/\/www.mgmrestop.com\/#organization","name":"M.G.M. Motori Elettrici S.p.a.","url":"https:\/\/www.mgmrestop.com\/","logo":{"@type":"ImageObject","inLanguage":"fr-FR","@id":"https:\/\/www.mgmrestop.com\/#\/schema\/logo\/image\/","url":"https:\/\/www.mgmrestop.com\/wp-content\/uploads\/2023\/06\/cropped-MGM_Marchio_Logo_700px.png","contentUrl":"https:\/\/www.mgmrestop.com\/wp-content\/uploads\/2023\/06\/cropped-MGM_Marchio_Logo_700px.png","width":2917,"height":1560,"caption":"M.G.M. Motori Elettrici S.p.a."},"image":{"@id":"https:\/\/www.mgmrestop.com\/#\/schema\/logo\/image\/"}}]}},"featured_image_src":null,"featured_image_src_square":null,"uagb_featured_image_src":{"full":false,"thumbnail":false,"medium":false,"medium_large":false,"large":false,"gs-tiny":false,"xl":false,"xxl":false,"xxxl":false,"xxxxl":false,"xxxxxl":false,"1536x1536":false,"2048x2048":false,"gb-block-post-grid-landscape":false,"gb-block-post-grid-square":false,"news_homepage":false,"settori_homepage":false,"post-thumbnail":false,"chaplin_preview_image_low_resolution":false,"chaplin_preview_image_high_resolution":false,"chaplin_fullscreen":false},"uagb_author_info":{"display_name":"administrator","author_link":"https:\/\/www.mgmrestop.com\/fr\/author\/administrator\/"},"uagb_comment_info":0,"uagb_excerpt":"Moteurs asynchrones triphas\u00e9s standard et frein\u00e9s automatiquement \u00e0 120 Hz La s\u00e9rie \u00ab&nbsp;R&nbsp;\u00bb se compose d&rsquo;une nouvelle g\u00e9n\u00e9ration de moteurs asynchrones normaux (SMR) et auto-frein\u00e9s (BAR ou BMR)&hellip;","_links":{"self":[{"href":"https:\/\/www.mgmrestop.com\/fr\/wp-json\/wp\/v2\/pages\/26841"}],"collection":[{"href":"https:\/\/www.mgmrestop.com\/fr\/wp-json\/wp\/v2\/pages"}],"about":[{"href":"https:\/\/www.mgmrestop.com\/fr\/wp-json\/wp\/v2\/types\/page"}],"author":[{"embeddable":true,"href":"https:\/\/www.mgmrestop.com\/fr\/wp-json\/wp\/v2\/users\/1"}],"replies":[{"embeddable":true,"href":"https:\/\/www.mgmrestop.com\/fr\/wp-json\/wp\/v2\/comments?post=26841"}],"version-history":[{"count":0,"href":"https:\/\/www.mgmrestop.com\/fr\/wp-json\/wp\/v2\/pages\/26841\/revisions"}],"wp:attachment":[{"href":"https:\/\/www.mgmrestop.com\/fr\/wp-json\/wp\/v2\/media?parent=26841"}],"curies":[{"name":"wp","href":"https:\/\/api.w.org\/{rel}","templated":true}]}}