{"id":26917,"date":"2022-03-18T15:24:37","date_gmt":"2022-03-18T15:24:37","guid":{"rendered":"https:\/\/www.mgmrestop.com\/?page_id=26917"},"modified":"2024-07-24T09:31:26","modified_gmt":"2024-07-24T09:31:26","slug":"26917-2","status":"publish","type":"page","link":"https:\/\/www.mgmrestop.com\/fr\/26917-2\/","title":{"rendered":"Syst\u00e8mes de gestion de la s\u00e9curit\u00e9 au travail"},"content":{"rendered":"\n<p>M.G.M. Motori Elettrici S.p.A. pose la sauvegarde de la sant\u00e9 et de la s\u00e9curit\u00e9 des travailleurs op\u00e9rant \u00e0 l\u2019int\u00e9rieur de l\u2019entreprise \u00e0 la base du d\u00e9veloppement de l\u2019usine m\u00eame, en retenant que ce ne soit pas possible de grandir sans le respect des droits des travailleurs.<br><br>Les lois en vigueur imposent aux entreprises de se reformer aux recouvrements sp\u00e9cifiques, mais la direction de M.G.M. Motori Elettrici retient que le seul respect des dispositions r\u00e9glementaires en vigueur ne soient pas suffisent, mais qu\u2019une am\u00e9lioration continue des environnements de travail, un alignement syst\u00e9matique aux nouvelles connaissances et technologies disponibles et le d\u00e9veloppement d\u2019une culture d\u2019entreprise pour mieux prot\u00e9ger la sant\u00e9 et la s\u00e9curit\u00e9 des travailleurs doivent \u00eatre poursuit.<br><br>Pour faire \u00e7a, M.G.M. Motori Elettrici a mis en place un Syst\u00e8me de Gestion pour la Sant\u00e9 et S\u00e9curit\u00e9 au Travail par rapport \u00e0 la norme ISO 45001 et elle a proc\u00e9d\u00e9 \u00e0 sa certification volontaire. Pour t\u00e9l\u00e9charger la certification ISO 45001 est possible cliquer <a href=\"https:\/\/www.mgmrestop.com\/wp-content\/uploads\/2024\/02\/ISO-45001.pdf\">ic<\/a><a href=\"https:\/\/www.mgmrestop.com\/wp-content\/uploads\/2024\/07\/Certificato-ISO-45001.pdf\">i.<\/a><br><br>Dans le pr\u00e9sent domaine th\u00e9matique, M.G.M. Motori Elettrici publiera les communications destin\u00e9es \u00e0 informer les parties prenantes externes aux entreprises du groupe sur propre Syst\u00e8me de Gestion pour la Sant\u00e9 et S\u00e9curit\u00e9 au Travail.<\/p>\n","protected":false},"excerpt":{"rendered":"<p>M.G.M. Motori Elettrici S.p.A. pose la sauvegarde de la sant\u00e9 et de la s\u00e9curit\u00e9 des travailleurs op\u00e9rant \u00e0 l\u2019int\u00e9rieur de l\u2019entreprise \u00e0 la base du d\u00e9veloppement de l\u2019usine&hellip;<\/p>\n","protected":false},"author":1,"featured_media":0,"parent":0,"menu_order":69,"comment_status":"closed","ping_status":"closed","template":"template-full-width.php","meta":{"_acf_changed":false,"_coblocks_attr":"","_coblocks_dimensions":"","_coblocks_responsive_height":"","_coblocks_accordion_ie_support":"","_uag_custom_page_level_css":"","footnotes":""},"class_list":["post-26917","page","type-page","status-publish","has-post-thumbnail","hentry"],"acf":[],"yoast_head":"<!-- This site is optimized with the Yoast SEO plugin v24.5 - https:\/\/yoast.com\/wordpress\/plugins\/seo\/ -->\n<title>Syst\u00e8mes de gestion de la s\u00e9curit\u00e9 au travail - M.G.M. Motori Elettrici S.p.a.<\/title>\n<meta name=\"robots\" content=\"index, follow, max-snippet:-1, max-image-preview:large, max-video-preview:-1\" \/>\n<link rel=\"canonical\" href=\"https:\/\/www.mgmrestop.com\/fr\/26917-2\/\" \/>\n<meta property=\"og:locale\" content=\"fr_FR\" \/>\n<meta property=\"og:type\" content=\"article\" \/>\n<meta property=\"og:title\" content=\"Syst\u00e8mes de gestion de la s\u00e9curit\u00e9 au travail - M.G.M. Motori Elettrici S.p.a.\" \/>\n<meta property=\"og:description\" content=\"M.G.M. Motori Elettrici S.p.A. pose la sauvegarde de la sant\u00e9 et de la s\u00e9curit\u00e9 des travailleurs op\u00e9rant \u00e0 l\u2019int\u00e9rieur de l\u2019entreprise \u00e0 la base du d\u00e9veloppement de l\u2019usine&hellip;\" \/>\n<meta property=\"og:url\" content=\"https:\/\/www.mgmrestop.com\/fr\/26917-2\/\" \/>\n<meta property=\"og:site_name\" content=\"MGM Motor Stop\" \/>\n<meta property=\"article:modified_time\" content=\"2024-07-24T09:31:26+00:00\" \/>\n<meta name=\"twitter:card\" content=\"summary_large_image\" \/>\n<meta name=\"twitter:label1\" content=\"Dur\u00e9e de lecture estim\u00e9e\" \/>\n\t<meta name=\"twitter:data1\" content=\"1 minute\" \/>\n<script type=\"application\/ld+json\" class=\"yoast-schema-graph\">{\"@context\":\"https:\/\/schema.org\",\"@graph\":[{\"@type\":\"WebPage\",\"@id\":\"https:\/\/www.mgmrestop.com\/fr\/26917-2\/\",\"url\":\"https:\/\/www.mgmrestop.com\/fr\/26917-2\/\",\"name\":\"Syst\u00e8mes de gestion de la s\u00e9curit\u00e9 au travail - M.G.M. Motori Elettrici S.p.a.\",\"isPartOf\":{\"@id\":\"https:\/\/www.mgmrestop.com\/#website\"},\"datePublished\":\"2022-03-18T15:24:37+00:00\",\"dateModified\":\"2024-07-24T09:31:26+00:00\",\"breadcrumb\":{\"@id\":\"https:\/\/www.mgmrestop.com\/fr\/26917-2\/#breadcrumb\"},\"inLanguage\":\"fr-FR\",\"potentialAction\":[{\"@type\":\"ReadAction\",\"target\":[\"https:\/\/www.mgmrestop.com\/fr\/26917-2\/\"]}]},{\"@type\":\"BreadcrumbList\",\"@id\":\"https:\/\/www.mgmrestop.com\/fr\/26917-2\/#breadcrumb\",\"itemListElement\":[{\"@type\":\"ListItem\",\"position\":1,\"name\":\"Home\",\"item\":\"https:\/\/www.mgmrestop.com\/fr\/\"},{\"@type\":\"ListItem\",\"position\":2,\"name\":\"Syst\u00e8mes de gestion de la s\u00e9curit\u00e9 au travail\"}]},{\"@type\":\"WebSite\",\"@id\":\"https:\/\/www.mgmrestop.com\/#website\",\"url\":\"https:\/\/www.mgmrestop.com\/\",\"name\":\"M.G.M. Motori Elettrici S.p.a.\",\"description\":\"\",\"publisher\":{\"@id\":\"https:\/\/www.mgmrestop.com\/#organization\"},\"potentialAction\":[{\"@type\":\"SearchAction\",\"target\":{\"@type\":\"EntryPoint\",\"urlTemplate\":\"https:\/\/www.mgmrestop.com\/?s={search_term_string}\"},\"query-input\":{\"@type\":\"PropertyValueSpecification\",\"valueRequired\":true,\"valueName\":\"search_term_string\"}}],\"inLanguage\":\"fr-FR\"},{\"@type\":\"Organization\",\"@id\":\"https:\/\/www.mgmrestop.com\/#organization\",\"name\":\"M.G.M. Motori Elettrici S.p.a.\",\"url\":\"https:\/\/www.mgmrestop.com\/\",\"logo\":{\"@type\":\"ImageObject\",\"inLanguage\":\"fr-FR\",\"@id\":\"https:\/\/www.mgmrestop.com\/#\/schema\/logo\/image\/\",\"url\":\"https:\/\/www.mgmrestop.com\/wp-content\/uploads\/2023\/06\/cropped-MGM_Marchio_Logo_700px.png\",\"contentUrl\":\"https:\/\/www.mgmrestop.com\/wp-content\/uploads\/2023\/06\/cropped-MGM_Marchio_Logo_700px.png\",\"width\":2917,\"height\":1560,\"caption\":\"M.G.M. Motori Elettrici S.p.a.\"},\"image\":{\"@id\":\"https:\/\/www.mgmrestop.com\/#\/schema\/logo\/image\/\"}}]}<\/script>\n<!-- \/ Yoast SEO plugin. -->","yoast_head_json":{"title":"Syst\u00e8mes de gestion de la s\u00e9curit\u00e9 au travail - M.G.M. Motori Elettrici S.p.a.","robots":{"index":"index","follow":"follow","max-snippet":"max-snippet:-1","max-image-preview":"max-image-preview:large","max-video-preview":"max-video-preview:-1"},"canonical":"https:\/\/www.mgmrestop.com\/fr\/26917-2\/","og_locale":"fr_FR","og_type":"article","og_title":"Syst\u00e8mes de gestion de la s\u00e9curit\u00e9 au travail - M.G.M. Motori Elettrici S.p.a.","og_description":"M.G.M. Motori Elettrici S.p.A. pose la sauvegarde de la sant\u00e9 et de la s\u00e9curit\u00e9 des travailleurs op\u00e9rant \u00e0 l\u2019int\u00e9rieur de l\u2019entreprise \u00e0 la base du d\u00e9veloppement de l\u2019usine&hellip;","og_url":"https:\/\/www.mgmrestop.com\/fr\/26917-2\/","og_site_name":"MGM Motor Stop","article_modified_time":"2024-07-24T09:31:26+00:00","twitter_card":"summary_large_image","twitter_misc":{"Dur\u00e9e de lecture estim\u00e9e":"1 minute"},"schema":{"@context":"https:\/\/schema.org","@graph":[{"@type":"WebPage","@id":"https:\/\/www.mgmrestop.com\/fr\/26917-2\/","url":"https:\/\/www.mgmrestop.com\/fr\/26917-2\/","name":"Syst\u00e8mes de gestion de la s\u00e9curit\u00e9 au travail - M.G.M. Motori Elettrici S.p.a.","isPartOf":{"@id":"https:\/\/www.mgmrestop.com\/#website"},"datePublished":"2022-03-18T15:24:37+00:00","dateModified":"2024-07-24T09:31:26+00:00","breadcrumb":{"@id":"https:\/\/www.mgmrestop.com\/fr\/26917-2\/#breadcrumb"},"inLanguage":"fr-FR","potentialAction":[{"@type":"ReadAction","target":["https:\/\/www.mgmrestop.com\/fr\/26917-2\/"]}]},{"@type":"BreadcrumbList","@id":"https:\/\/www.mgmrestop.com\/fr\/26917-2\/#breadcrumb","itemListElement":[{"@type":"ListItem","position":1,"name":"Home","item":"https:\/\/www.mgmrestop.com\/fr\/"},{"@type":"ListItem","position":2,"name":"Syst\u00e8mes de gestion de la s\u00e9curit\u00e9 au travail"}]},{"@type":"WebSite","@id":"https:\/\/www.mgmrestop.com\/#website","url":"https:\/\/www.mgmrestop.com\/","name":"M.G.M. Motori Elettrici S.p.a.","description":"","publisher":{"@id":"https:\/\/www.mgmrestop.com\/#organization"},"potentialAction":[{"@type":"SearchAction","target":{"@type":"EntryPoint","urlTemplate":"https:\/\/www.mgmrestop.com\/?s={search_term_string}"},"query-input":{"@type":"PropertyValueSpecification","valueRequired":true,"valueName":"search_term_string"}}],"inLanguage":"fr-FR"},{"@type":"Organization","@id":"https:\/\/www.mgmrestop.com\/#organization","name":"M.G.M. Motori Elettrici S.p.a.","url":"https:\/\/www.mgmrestop.com\/","logo":{"@type":"ImageObject","inLanguage":"fr-FR","@id":"https:\/\/www.mgmrestop.com\/#\/schema\/logo\/image\/","url":"https:\/\/www.mgmrestop.com\/wp-content\/uploads\/2023\/06\/cropped-MGM_Marchio_Logo_700px.png","contentUrl":"https:\/\/www.mgmrestop.com\/wp-content\/uploads\/2023\/06\/cropped-MGM_Marchio_Logo_700px.png","width":2917,"height":1560,"caption":"M.G.M. Motori Elettrici S.p.a."},"image":{"@id":"https:\/\/www.mgmrestop.com\/#\/schema\/logo\/image\/"}}]}},"featured_image_src":null,"featured_image_src_square":null,"uagb_featured_image_src":{"full":false,"thumbnail":false,"medium":false,"medium_large":false,"large":false,"gs-tiny":false,"xl":false,"xxl":false,"xxxl":false,"xxxxl":false,"xxxxxl":false,"1536x1536":false,"2048x2048":false,"gb-block-post-grid-landscape":false,"gb-block-post-grid-square":false,"news_homepage":false,"settori_homepage":false,"post-thumbnail":false,"chaplin_preview_image_low_resolution":false,"chaplin_preview_image_high_resolution":false,"chaplin_fullscreen":false},"uagb_author_info":{"display_name":"administrator","author_link":"https:\/\/www.mgmrestop.com\/fr\/author\/administrator\/"},"uagb_comment_info":0,"uagb_excerpt":"M.G.M. Motori Elettrici S.p.A. pose la sauvegarde de la sant\u00e9 et de la s\u00e9curit\u00e9 des travailleurs op\u00e9rant \u00e0 l\u2019int\u00e9rieur de l\u2019entreprise \u00e0 la base du d\u00e9veloppement de l\u2019usine&hellip;","_links":{"self":[{"href":"https:\/\/www.mgmrestop.com\/fr\/wp-json\/wp\/v2\/pages\/26917"}],"collection":[{"href":"https:\/\/www.mgmrestop.com\/fr\/wp-json\/wp\/v2\/pages"}],"about":[{"href":"https:\/\/www.mgmrestop.com\/fr\/wp-json\/wp\/v2\/types\/page"}],"author":[{"embeddable":true,"href":"https:\/\/www.mgmrestop.com\/fr\/wp-json\/wp\/v2\/users\/1"}],"replies":[{"embeddable":true,"href":"https:\/\/www.mgmrestop.com\/fr\/wp-json\/wp\/v2\/comments?post=26917"}],"version-history":[{"count":0,"href":"https:\/\/www.mgmrestop.com\/fr\/wp-json\/wp\/v2\/pages\/26917\/revisions"}],"wp:attachment":[{"href":"https:\/\/www.mgmrestop.com\/fr\/wp-json\/wp\/v2\/media?parent=26917"}],"curies":[{"name":"wp","href":"https:\/\/api.w.org\/{rel}","templated":true}]}}