{"id":26931,"date":"2022-03-18T14:31:42","date_gmt":"2022-03-18T14:31:42","guid":{"rendered":"https:\/\/www.mgmrestop.com\/?page_id=26931"},"modified":"2023-04-24T16:03:58","modified_gmt":"2023-04-24T16:03:58","slug":"travaille-avec-nous","status":"publish","type":"page","link":"https:\/\/www.mgmrestop.com\/fr\/travaille-avec-nous\/","title":{"rendered":"Travaille avec nous"},"content":{"rendered":"\n<p>Si vous voulez faire partie de l&rsquo;\u00e9quipe de M.G.M. Motori Elettrici, veuillez joindre votre curriculum vitae au formulaire ci-dessous.<\/p>\n\n\n\n<div class=\"wpcf7 no-js\" id=\"wpcf7-f26930-o1\" lang=\"it-IT\" dir=\"ltr\" data-wpcf7-id=\"26930\">\n<div class=\"screen-reader-response\"><p role=\"status\" aria-live=\"polite\" aria-atomic=\"true\"><\/p> <ul><\/ul><\/div>\n<form action=\"\/fr\/wp-json\/wp\/v2\/pages\/26931#wpcf7-f26930-o1\" method=\"post\" class=\"wpcf7-form init\" aria-label=\"Modulo di contatto\" enctype=\"multipart\/form-data\" novalidate=\"novalidate\" data-status=\"init\">\n<div style=\"display: none;\">\n<input type=\"hidden\" name=\"_wpcf7\" value=\"26930\" \/>\n<input type=\"hidden\" name=\"_wpcf7_version\" value=\"6.0.4\" \/>\n<input type=\"hidden\" name=\"_wpcf7_locale\" value=\"it_IT\" \/>\n<input type=\"hidden\" name=\"_wpcf7_unit_tag\" value=\"wpcf7-f26930-o1\" \/>\n<input type=\"hidden\" name=\"_wpcf7_container_post\" value=\"0\" \/>\n<input type=\"hidden\" name=\"_wpcf7_posted_data_hash\" value=\"\" \/>\n<\/div>\n<div class=\"wp-container-3 wp-block-columns form-di-contatto-interna\">\n\t<div class=\"wp-container-1 wp-block-column\">\n\t\t<p><label><br \/>\n<span class=\"wpcf7-form-control-wrap\" data-name=\"nome-cognome\"><input size=\"40\" maxlength=\"400\" class=\"wpcf7-form-control wpcf7-text wpcf7-validates-as-required\" aria-required=\"true\" aria-invalid=\"false\" placeholder=\"Nom et Pr\u00e9nom\" value=\"\" type=\"text\" name=\"nome-cognome\" \/><\/span> <\/label>\n\t\t<\/p>\n\t\t<p><label><br \/>\n<span class=\"wpcf7-form-control-wrap\" data-name=\"email\"><input size=\"40\" maxlength=\"400\" class=\"wpcf7-form-control wpcf7-email wpcf7-validates-as-required wpcf7-text wpcf7-validates-as-email\" aria-required=\"true\" aria-invalid=\"false\" placeholder=\"E-mail\" value=\"\" type=\"email\" name=\"email\" \/><\/span> <\/label>\n\t\t<\/p>\n\t<\/div>\n\t<div class=\"wp-container-2 wp-block-column\">\n\t\t<p><label><br \/>\n<span class=\"wpcf7-form-control-wrap\" data-name=\"telefono\"><input size=\"40\" maxlength=\"400\" class=\"wpcf7-form-control wpcf7-tel wpcf7-text wpcf7-validates-as-tel\" aria-invalid=\"false\" placeholder=\"T\u00e9l\u00e9phone\" value=\"\" type=\"tel\" name=\"telefono\" \/><\/span><\/label>\n\t\t<\/p>\n\t\t<p><label><br \/>\nCurriculum Vitae<br \/>\n<span class=\"wpcf7-form-control-wrap\" data-name=\"curriculum\"><input size=\"40\" class=\"wpcf7-form-control wpcf7-file wpcf7-validates-as-required\" accept=\"audio\/*,video\/*,image\/*,.txt,application\/pdf,application\/vnd.openxmlformats-officedocument.wordprocessingml.document,application\/msword\" aria-required=\"true\" aria-invalid=\"false\" type=\"file\" name=\"curriculum\" \/><\/span><br \/>\n<\/label>\n\t\t<\/p>\n\t<\/div>\n<\/div>\n<p>Expression du consentement pour les donn\u00e9es personnelles<br \/>\nAvant d&#39;accepter, lisez les <a href=\"https:\/\/mgmrestop.wpengine.com\/wp-content\/uploads\/2022\/04\/INFORMATIVA-CANDIDATI.pdf\">informations sur les candidats<\/a>\n<\/p>\n<p><span class=\"wpcf7-form-control-wrap\" data-name=\"acceptance-1\"><span class=\"wpcf7-form-control wpcf7-acceptance\"><span class=\"wpcf7-list-item\"><label><input type=\"checkbox\" name=\"acceptance-1\" value=\"1\" aria-invalid=\"false\" \/><span class=\"wpcf7-list-item-label\">Je consens au traitement des donn\u00e9es personnelles \u00e0 des fins li\u00e9es ou li\u00e9es \u00e0 la s\u00e9lection du\npersonnel.<\/span><\/label><\/span><\/span><\/span>\n<\/p>\n<p><input class=\"wpcf7-form-control wpcf7-submit has-spinner\" type=\"submit\" value=\"Soumettre\" \/>\n<\/p><div class=\"wpcf7-response-output\" aria-hidden=\"true\"><\/div>\n<\/form>\n<\/div>\n\n","protected":false},"excerpt":{"rendered":"<p>Si vous voulez faire partie de l&rsquo;\u00e9quipe de M.G.M. Motori Elettrici, veuillez joindre votre curriculum vitae au formulaire ci-dessous.<\/p>\n","protected":false},"author":1,"featured_media":0,"parent":0,"menu_order":71,"comment_status":"closed","ping_status":"closed","template":"template-full-width.php","meta":{"_acf_changed":false,"_coblocks_attr":"","_coblocks_dimensions":"","_coblocks_responsive_height":"","_coblocks_accordion_ie_support":"","_uag_custom_page_level_css":"","footnotes":""},"class_list":["post-26931","page","type-page","status-publish","has-post-thumbnail","hentry"],"acf":[],"yoast_head":"<!-- This site is optimized with the Yoast SEO plugin v24.5 - https:\/\/yoast.com\/wordpress\/plugins\/seo\/ -->\n<title>Travaille avec nous - M.G.M. Motori Elettrici S.p.a.<\/title>\n<meta name=\"robots\" content=\"index, follow, max-snippet:-1, max-image-preview:large, max-video-preview:-1\" \/>\n<link rel=\"canonical\" href=\"https:\/\/www.mgmrestop.com\/fr\/travaille-avec-nous\/\" \/>\n<meta property=\"og:locale\" content=\"fr_FR\" \/>\n<meta property=\"og:type\" content=\"article\" \/>\n<meta property=\"og:title\" content=\"Travaille avec nous - M.G.M. Motori Elettrici S.p.a.\" \/>\n<meta property=\"og:description\" content=\"Si vous voulez faire partie de l&rsquo;\u00e9quipe de M.G.M. Motori Elettrici, veuillez joindre votre curriculum vitae au formulaire ci-dessous.\" \/>\n<meta property=\"og:url\" content=\"https:\/\/www.mgmrestop.com\/fr\/travaille-avec-nous\/\" \/>\n<meta property=\"og:site_name\" content=\"MGM Motor Stop\" \/>\n<meta property=\"article:modified_time\" content=\"2023-04-24T16:03:58+00:00\" \/>\n<meta name=\"twitter:card\" content=\"summary_large_image\" \/>\n<script type=\"application\/ld+json\" class=\"yoast-schema-graph\">{\"@context\":\"https:\/\/schema.org\",\"@graph\":[{\"@type\":\"WebPage\",\"@id\":\"https:\/\/www.mgmrestop.com\/fr\/travaille-avec-nous\/\",\"url\":\"https:\/\/www.mgmrestop.com\/fr\/travaille-avec-nous\/\",\"name\":\"Travaille avec nous - M.G.M. Motori Elettrici S.p.a.\",\"isPartOf\":{\"@id\":\"https:\/\/www.mgmrestop.com\/#website\"},\"datePublished\":\"2022-03-18T14:31:42+00:00\",\"dateModified\":\"2023-04-24T16:03:58+00:00\",\"breadcrumb\":{\"@id\":\"https:\/\/www.mgmrestop.com\/fr\/travaille-avec-nous\/#breadcrumb\"},\"inLanguage\":\"fr-FR\",\"potentialAction\":[{\"@type\":\"ReadAction\",\"target\":[\"https:\/\/www.mgmrestop.com\/fr\/travaille-avec-nous\/\"]}]},{\"@type\":\"BreadcrumbList\",\"@id\":\"https:\/\/www.mgmrestop.com\/fr\/travaille-avec-nous\/#breadcrumb\",\"itemListElement\":[{\"@type\":\"ListItem\",\"position\":1,\"name\":\"Home\",\"item\":\"https:\/\/www.mgmrestop.com\/fr\/\"},{\"@type\":\"ListItem\",\"position\":2,\"name\":\"Travaille avec nous\"}]},{\"@type\":\"WebSite\",\"@id\":\"https:\/\/www.mgmrestop.com\/#website\",\"url\":\"https:\/\/www.mgmrestop.com\/\",\"name\":\"M.G.M. Motori Elettrici S.p.a.\",\"description\":\"\",\"publisher\":{\"@id\":\"https:\/\/www.mgmrestop.com\/#organization\"},\"potentialAction\":[{\"@type\":\"SearchAction\",\"target\":{\"@type\":\"EntryPoint\",\"urlTemplate\":\"https:\/\/www.mgmrestop.com\/?s={search_term_string}\"},\"query-input\":{\"@type\":\"PropertyValueSpecification\",\"valueRequired\":true,\"valueName\":\"search_term_string\"}}],\"inLanguage\":\"fr-FR\"},{\"@type\":\"Organization\",\"@id\":\"https:\/\/www.mgmrestop.com\/#organization\",\"name\":\"M.G.M. Motori Elettrici S.p.a.\",\"url\":\"https:\/\/www.mgmrestop.com\/\",\"logo\":{\"@type\":\"ImageObject\",\"inLanguage\":\"fr-FR\",\"@id\":\"https:\/\/www.mgmrestop.com\/#\/schema\/logo\/image\/\",\"url\":\"https:\/\/www.mgmrestop.com\/wp-content\/uploads\/2023\/06\/cropped-MGM_Marchio_Logo_700px.png\",\"contentUrl\":\"https:\/\/www.mgmrestop.com\/wp-content\/uploads\/2023\/06\/cropped-MGM_Marchio_Logo_700px.png\",\"width\":2917,\"height\":1560,\"caption\":\"M.G.M. Motori Elettrici S.p.a.\"},\"image\":{\"@id\":\"https:\/\/www.mgmrestop.com\/#\/schema\/logo\/image\/\"}}]}<\/script>\n<!-- \/ Yoast SEO plugin. -->","yoast_head_json":{"title":"Travaille avec nous - M.G.M. Motori Elettrici S.p.a.","robots":{"index":"index","follow":"follow","max-snippet":"max-snippet:-1","max-image-preview":"max-image-preview:large","max-video-preview":"max-video-preview:-1"},"canonical":"https:\/\/www.mgmrestop.com\/fr\/travaille-avec-nous\/","og_locale":"fr_FR","og_type":"article","og_title":"Travaille avec nous - M.G.M. Motori Elettrici S.p.a.","og_description":"Si vous voulez faire partie de l&rsquo;\u00e9quipe de M.G.M. Motori Elettrici, veuillez joindre votre curriculum vitae au formulaire ci-dessous.","og_url":"https:\/\/www.mgmrestop.com\/fr\/travaille-avec-nous\/","og_site_name":"MGM Motor Stop","article_modified_time":"2023-04-24T16:03:58+00:00","twitter_card":"summary_large_image","schema":{"@context":"https:\/\/schema.org","@graph":[{"@type":"WebPage","@id":"https:\/\/www.mgmrestop.com\/fr\/travaille-avec-nous\/","url":"https:\/\/www.mgmrestop.com\/fr\/travaille-avec-nous\/","name":"Travaille avec nous - M.G.M. Motori Elettrici S.p.a.","isPartOf":{"@id":"https:\/\/www.mgmrestop.com\/#website"},"datePublished":"2022-03-18T14:31:42+00:00","dateModified":"2023-04-24T16:03:58+00:00","breadcrumb":{"@id":"https:\/\/www.mgmrestop.com\/fr\/travaille-avec-nous\/#breadcrumb"},"inLanguage":"fr-FR","potentialAction":[{"@type":"ReadAction","target":["https:\/\/www.mgmrestop.com\/fr\/travaille-avec-nous\/"]}]},{"@type":"BreadcrumbList","@id":"https:\/\/www.mgmrestop.com\/fr\/travaille-avec-nous\/#breadcrumb","itemListElement":[{"@type":"ListItem","position":1,"name":"Home","item":"https:\/\/www.mgmrestop.com\/fr\/"},{"@type":"ListItem","position":2,"name":"Travaille avec nous"}]},{"@type":"WebSite","@id":"https:\/\/www.mgmrestop.com\/#website","url":"https:\/\/www.mgmrestop.com\/","name":"M.G.M. Motori Elettrici S.p.a.","description":"","publisher":{"@id":"https:\/\/www.mgmrestop.com\/#organization"},"potentialAction":[{"@type":"SearchAction","target":{"@type":"EntryPoint","urlTemplate":"https:\/\/www.mgmrestop.com\/?s={search_term_string}"},"query-input":{"@type":"PropertyValueSpecification","valueRequired":true,"valueName":"search_term_string"}}],"inLanguage":"fr-FR"},{"@type":"Organization","@id":"https:\/\/www.mgmrestop.com\/#organization","name":"M.G.M. Motori Elettrici S.p.a.","url":"https:\/\/www.mgmrestop.com\/","logo":{"@type":"ImageObject","inLanguage":"fr-FR","@id":"https:\/\/www.mgmrestop.com\/#\/schema\/logo\/image\/","url":"https:\/\/www.mgmrestop.com\/wp-content\/uploads\/2023\/06\/cropped-MGM_Marchio_Logo_700px.png","contentUrl":"https:\/\/www.mgmrestop.com\/wp-content\/uploads\/2023\/06\/cropped-MGM_Marchio_Logo_700px.png","width":2917,"height":1560,"caption":"M.G.M. Motori Elettrici S.p.a."},"image":{"@id":"https:\/\/www.mgmrestop.com\/#\/schema\/logo\/image\/"}}]}},"featured_image_src":null,"featured_image_src_square":null,"uagb_featured_image_src":{"full":false,"thumbnail":false,"medium":false,"medium_large":false,"large":false,"gs-tiny":false,"xl":false,"xxl":false,"xxxl":false,"xxxxl":false,"xxxxxl":false,"1536x1536":false,"2048x2048":false,"gb-block-post-grid-landscape":false,"gb-block-post-grid-square":false,"news_homepage":false,"settori_homepage":false,"post-thumbnail":false,"chaplin_preview_image_low_resolution":false,"chaplin_preview_image_high_resolution":false,"chaplin_fullscreen":false},"uagb_author_info":{"display_name":"administrator","author_link":"https:\/\/www.mgmrestop.com\/fr\/author\/administrator\/"},"uagb_comment_info":0,"uagb_excerpt":"Si vous voulez faire partie de l&rsquo;\u00e9quipe de M.G.M. Motori Elettrici, veuillez joindre votre curriculum vitae au formulaire ci-dessous.","_links":{"self":[{"href":"https:\/\/www.mgmrestop.com\/fr\/wp-json\/wp\/v2\/pages\/26931"}],"collection":[{"href":"https:\/\/www.mgmrestop.com\/fr\/wp-json\/wp\/v2\/pages"}],"about":[{"href":"https:\/\/www.mgmrestop.com\/fr\/wp-json\/wp\/v2\/types\/page"}],"author":[{"embeddable":true,"href":"https:\/\/www.mgmrestop.com\/fr\/wp-json\/wp\/v2\/users\/1"}],"replies":[{"embeddable":true,"href":"https:\/\/www.mgmrestop.com\/fr\/wp-json\/wp\/v2\/comments?post=26931"}],"version-history":[{"count":0,"href":"https:\/\/www.mgmrestop.com\/fr\/wp-json\/wp\/v2\/pages\/26931\/revisions"}],"wp:attachment":[{"href":"https:\/\/www.mgmrestop.com\/fr\/wp-json\/wp\/v2\/media?parent=26931"}],"curies":[{"name":"wp","href":"https:\/\/api.w.org\/{rel}","templated":true}]}}