{"id":27240,"date":"2022-04-28T15:29:36","date_gmt":"2022-04-28T15:29:36","guid":{"rendered":"https:\/\/www.mgmrestop.com\/?page_id=27240"},"modified":"2023-12-14T15:22:31","modified_gmt":"2023-12-14T15:22:31","slug":"efficacite","status":"publish","type":"page","link":"https:\/\/www.mgmrestop.com\/fr\/efficacite\/","title":{"rendered":"EFFICACIT\u00c9"},"content":{"rendered":"\n<p>L&rsquo;efficacit\u00e9 exprime comment un moteur \u00e9lectrique transforme efficacement l&rsquo;\u00e9nergie \u00e9lectrique en \u00e9nergie m\u00e9canique. Plus l&rsquo;efficacit\u00e9 d&rsquo;un moteur est \u00e9lev\u00e9e, dans des conditions de fonctionnement sp\u00e9cifiques, plus la consommation \u00e9lectrique correspondante diminue.<\/p>\n\n\n\n<p>La norme internationale CEI 60034-30-1 a d\u00e9fini des classes d&rsquo;efficacit\u00e9 par le code \u00ab IE \u00bb suivi d&rsquo;un chiffre.<\/p>\n\n\n\n<p>IE1 (efficacit\u00e9 standard)<br>IE2 (haute efficacit\u00e9)<br>IE3 (efficacit\u00e9 premium)<br>IE4 (efficacit\u00e9 super premium)<\/p>\n\n\n\n<p>La norme CEI 60034-30-1 d\u00e9finit les classes d&rsquo;efficacit\u00e9 des moteurs, mais n&rsquo;\u00e9tablit pas en termes juridiques les exigences requises pour l&rsquo;adoption d&rsquo;une certaine classe d&rsquo;efficacit\u00e9. La norme elle-m\u00eame ne pr\u00e9cise pas si les moteurs doivent respecter une classe d&rsquo;efficacit\u00e9 minimale particuli\u00e8re. Toutefois, elle est sp\u00e9cifi\u00e9e par les lois en vigueur dans un pays donn\u00e9.<\/p>\n\n\n\n<p>Le nouveau r\u00e8glement europ\u00e9en (R\u00e8glement UE 2019\/1781) pr\u00e9voit de nouvelles obligations pour les moteurs frein, con\u00e7us pour fonctionner \u00e0 une tension sinuso\u00efdale de 50 Hz, 60 Hz ou 50\/60 Hz, tension nominale sup\u00e9rieure \u00e0 50V et jusqu&rsquo;\u00e0 1000V inclus et fonctionnement continu (S1, S3 \u2265 80 %, S6 \u2265 80 %), \u00e0 partir du 1er juillet 2021.<\/p>\n\n\n\n<p><br><strong>\u00c0 partir du 1er juillet 2021:<\/strong><\/p>\n\n\n\n<ul class=\"wp-block-list\">\n<li style=\"font-size:14px\">les moteurs frein triphas\u00e9s de puissance nominale 0,75 kW \u2264 Pn \u2264 1000 kW \u00e0 2, 4, 6, 8 p\u00f4les, doivent avoir la classe d&rsquo;efficacit\u00e9 minimale IE3<\/li>\n\n\n\n<li style=\"font-size:14px\">les moteurs frein triphas\u00e9s de puissance nominale 0,12 kW \u2264 Pn \u2264 0,75 kW \u00e0 2, 4, 6, 8 p\u00f4les, doivent avoir la classe d&rsquo;efficacit\u00e9 minimale IE2<\/li>\n<\/ul>\n\n\n\n<p><strong>\u00c0 partir du 1er juillet 2023:<\/strong><\/p>\n\n\n\n<ul class=\"wp-block-list\">\n<li style=\"font-size:14px\">les moteurs frein monophas\u00e9s de puissance nominale Pn \u2265 0,12 kW \u00e0 2, 4, 6, 8 p\u00f4les, doivent avoir la classe d&rsquo;efficacit\u00e9 minimale IE2<\/li>\n\n\n\n<li style=\"font-size:14px\">les moteurs triphas\u00e9s de s\u00e9rie (cela ne concerne pas les moteurs frein) de puissance nominale 75 kW \u2264 Pn \u2264 200 kW \u00e0 2, 4, 6, 8 p\u00f4les, doivent avoir la classe d&rsquo;efficacit\u00e9 minimale IE4<\/li>\n<\/ul>\n\n\n\n<p>La r\u00e9glementation ne s&rsquo;applique pas \u00e0 certains types de moteurs dont les moteurs \u00e0 deux vitesses et les moteurs non ventil\u00e9s (TENV).<\/p>\n\n\n\n<p>Pour plus de d\u00e9tails et pour t\u00e9l\u00e9charger le nouveau r\u00e8glement europ\u00e9en UE 2019\/1781, cliquez ici.<\/p>\n\n\n\n<p>Le CEMEP (Comit\u00e9 europ\u00e9en des constructeurs de machines \u00e9lectriques et d&rsquo;\u00e9lectronique de puissance) a \u00e9labor\u00e9 un document d&rsquo;information sur la nouvelle r\u00e9glementation. Pour le t\u00e9l\u00e9charger, cliquez ici.<\/p>\n\n\n\n<p>Dans les diff\u00e9rents pays du monde, il existe des r\u00e9glementations diff\u00e9rentes de la r\u00e9glementation europ\u00e9enne avec des domaines d&rsquo;application et d&rsquo;exclusion sp\u00e9cifiques, des classes d&rsquo;efficacit\u00e9 minimales requises et des d\u00e9lais. Les r\u00e9glementations sur l&rsquo;efficacit\u00e9 minimale des moteurs peuvent \u00e9galement \u00eatre sujettes \u00e0 des modifications dans le temps. Nous vous recommandons donc de nous contacter pour obtenir des informations actualis\u00e9es pour le pays sp\u00e9cifique.<\/p>\n\n\n\n<div class=\"wp-block-group\"><div class=\"wp-block-group__inner-container is-layout-constrained wp-block-group-is-layout-constrained\">\n<p style=\"font-size:0px\">Pour un calcul rapide du gain \u00e9conomique annuel que l&rsquo;on peut obtenir en utilisant un moteur \u00e0 efficacit\u00e9 effa par rapport \u00e0 un moteur \u00e0 rendement effb de m\u00eame puissance, la formule suivante peut \u00eatre appliqu\u00e9e:<\/p>\n\n\n\n<p>Pour un calcul rapide du gain \u00e9conomique annuel que l&rsquo;on peut obtenir en utilisant un moteur \u00e0 efficacit\u00e9 effa par rapport \u00e0 un moteur \u00e0 rendement effb de m\u00eame puissance, la formule suivante peut \u00eatre appliqu\u00e9e :<br><br>\u00c9conomies annuelles = hyear x kw x% FL x Costkwh x (1\/effa -1\/effb)<br>Hyear = nombre d&rsquo;heures de fonctionnement du moteur par an (heures)<br>kW = puissance nominale du moteur (kW)<br>% FL = fraction de la puissance nominale \u00e0 laquelle le moteur fonctionne r\u00e9ellement<br>Costkwh = co\u00fbt du kWh d&rsquo;\u00e9lectricit\u00e9<br>effa = efficacit\u00e9 du moteur &lsquo;a&rsquo; (%) en condition de charge r\u00e9elle\/100<br>effb = efficacit\u00e9 du moteur &lsquo;b&rsquo; (%) en condition de charge r\u00e9elle\/100<\/p>\n<\/div><\/div>\n\n\n\n<p>Les valeurs d&rsquo;efficacit\u00e9 dans les diff\u00e9rentes conditions de charge sont indiqu\u00e9es dans le catalogue g\u00e9n\u00e9ral ou dans les fiches techniques relatives \u00e0 chaque s\u00e9rie de moteurs.<\/p>\n\n\n\n<p>Pour t\u00e9l\u00e9charger la documentation technique de chaque moteur conform\u00e9ment au r\u00e8glement (UE) 1781\/2019, <a href=\"https:\/\/www.mgmrestop.com\/en\/rendimento\/rendimento\/\">cliquez ici<\/a>.<\/p>\n\n\n\n<p>Pour plus d&rsquo;informations, contactez-nous.<\/p>\n\n\n\n<p>Documentation technique conforme au r\u00e8glement UE 1781\/2019<\/p>\n","protected":false},"excerpt":{"rendered":"<p>L&rsquo;efficacit\u00e9 exprime comment un moteur \u00e9lectrique transforme efficacement l&rsquo;\u00e9nergie \u00e9lectrique en \u00e9nergie m\u00e9canique. Plus l&rsquo;efficacit\u00e9 d&rsquo;un moteur est \u00e9lev\u00e9e, dans des conditions de fonctionnement sp\u00e9cifiques, plus la consommation&hellip;<\/p>\n","protected":false},"author":1,"featured_media":0,"parent":0,"menu_order":47,"comment_status":"closed","ping_status":"closed","template":"template-full-width.php","meta":{"_acf_changed":false,"_coblocks_attr":"","_coblocks_dimensions":"","_coblocks_responsive_height":"","_coblocks_accordion_ie_support":"","_uag_custom_page_level_css":"","footnotes":""},"class_list":["post-27240","page","type-page","status-publish","has-post-thumbnail","hentry"],"acf":[],"yoast_head":"<!-- This site is optimized with the Yoast SEO plugin v24.5 - https:\/\/yoast.com\/wordpress\/plugins\/seo\/ -->\n<title>EFFICACIT\u00c9 - M.G.M. Motori Elettrici S.p.a.<\/title>\n<meta name=\"robots\" content=\"index, follow, max-snippet:-1, max-image-preview:large, max-video-preview:-1\" \/>\n<link rel=\"canonical\" href=\"https:\/\/www.mgmrestop.com\/fr\/efficacite\/\" \/>\n<meta property=\"og:locale\" content=\"fr_FR\" \/>\n<meta property=\"og:type\" content=\"article\" \/>\n<meta property=\"og:title\" content=\"EFFICACIT\u00c9 - M.G.M. Motori Elettrici S.p.a.\" \/>\n<meta property=\"og:description\" content=\"L&rsquo;efficacit\u00e9 exprime comment un moteur \u00e9lectrique transforme efficacement l&rsquo;\u00e9nergie \u00e9lectrique en \u00e9nergie m\u00e9canique. Plus l&rsquo;efficacit\u00e9 d&rsquo;un moteur est \u00e9lev\u00e9e, dans des conditions de fonctionnement sp\u00e9cifiques, plus la consommation&hellip;\" \/>\n<meta property=\"og:url\" content=\"https:\/\/www.mgmrestop.com\/fr\/efficacite\/\" \/>\n<meta property=\"og:site_name\" content=\"MGM Motor Stop\" \/>\n<meta property=\"article:modified_time\" content=\"2023-12-14T15:22:31+00:00\" \/>\n<meta name=\"twitter:card\" content=\"summary_large_image\" \/>\n<meta name=\"twitter:label1\" content=\"Dur\u00e9e de lecture estim\u00e9e\" \/>\n\t<meta name=\"twitter:data1\" content=\"3 minutes\" \/>\n<script type=\"application\/ld+json\" class=\"yoast-schema-graph\">{\"@context\":\"https:\/\/schema.org\",\"@graph\":[{\"@type\":\"WebPage\",\"@id\":\"https:\/\/www.mgmrestop.com\/fr\/efficacite\/\",\"url\":\"https:\/\/www.mgmrestop.com\/fr\/efficacite\/\",\"name\":\"EFFICACIT\u00c9 - M.G.M. Motori Elettrici S.p.a.\",\"isPartOf\":{\"@id\":\"https:\/\/www.mgmrestop.com\/#website\"},\"datePublished\":\"2022-04-28T15:29:36+00:00\",\"dateModified\":\"2023-12-14T15:22:31+00:00\",\"breadcrumb\":{\"@id\":\"https:\/\/www.mgmrestop.com\/fr\/efficacite\/#breadcrumb\"},\"inLanguage\":\"fr-FR\",\"potentialAction\":[{\"@type\":\"ReadAction\",\"target\":[\"https:\/\/www.mgmrestop.com\/fr\/efficacite\/\"]}]},{\"@type\":\"BreadcrumbList\",\"@id\":\"https:\/\/www.mgmrestop.com\/fr\/efficacite\/#breadcrumb\",\"itemListElement\":[{\"@type\":\"ListItem\",\"position\":1,\"name\":\"Home\",\"item\":\"https:\/\/www.mgmrestop.com\/fr\/\"},{\"@type\":\"ListItem\",\"position\":2,\"name\":\"EFFICACIT\u00c9\"}]},{\"@type\":\"WebSite\",\"@id\":\"https:\/\/www.mgmrestop.com\/#website\",\"url\":\"https:\/\/www.mgmrestop.com\/\",\"name\":\"M.G.M. Motori Elettrici S.p.a.\",\"description\":\"\",\"publisher\":{\"@id\":\"https:\/\/www.mgmrestop.com\/#organization\"},\"potentialAction\":[{\"@type\":\"SearchAction\",\"target\":{\"@type\":\"EntryPoint\",\"urlTemplate\":\"https:\/\/www.mgmrestop.com\/?s={search_term_string}\"},\"query-input\":{\"@type\":\"PropertyValueSpecification\",\"valueRequired\":true,\"valueName\":\"search_term_string\"}}],\"inLanguage\":\"fr-FR\"},{\"@type\":\"Organization\",\"@id\":\"https:\/\/www.mgmrestop.com\/#organization\",\"name\":\"M.G.M. Motori Elettrici S.p.a.\",\"url\":\"https:\/\/www.mgmrestop.com\/\",\"logo\":{\"@type\":\"ImageObject\",\"inLanguage\":\"fr-FR\",\"@id\":\"https:\/\/www.mgmrestop.com\/#\/schema\/logo\/image\/\",\"url\":\"https:\/\/www.mgmrestop.com\/wp-content\/uploads\/2023\/06\/cropped-MGM_Marchio_Logo_700px.png\",\"contentUrl\":\"https:\/\/www.mgmrestop.com\/wp-content\/uploads\/2023\/06\/cropped-MGM_Marchio_Logo_700px.png\",\"width\":2917,\"height\":1560,\"caption\":\"M.G.M. Motori Elettrici S.p.a.\"},\"image\":{\"@id\":\"https:\/\/www.mgmrestop.com\/#\/schema\/logo\/image\/\"}}]}<\/script>\n<!-- \/ Yoast SEO plugin. -->","yoast_head_json":{"title":"EFFICACIT\u00c9 - M.G.M. Motori Elettrici S.p.a.","robots":{"index":"index","follow":"follow","max-snippet":"max-snippet:-1","max-image-preview":"max-image-preview:large","max-video-preview":"max-video-preview:-1"},"canonical":"https:\/\/www.mgmrestop.com\/fr\/efficacite\/","og_locale":"fr_FR","og_type":"article","og_title":"EFFICACIT\u00c9 - M.G.M. Motori Elettrici S.p.a.","og_description":"L&rsquo;efficacit\u00e9 exprime comment un moteur \u00e9lectrique transforme efficacement l&rsquo;\u00e9nergie \u00e9lectrique en \u00e9nergie m\u00e9canique. Plus l&rsquo;efficacit\u00e9 d&rsquo;un moteur est \u00e9lev\u00e9e, dans des conditions de fonctionnement sp\u00e9cifiques, plus la consommation&hellip;","og_url":"https:\/\/www.mgmrestop.com\/fr\/efficacite\/","og_site_name":"MGM Motor Stop","article_modified_time":"2023-12-14T15:22:31+00:00","twitter_card":"summary_large_image","twitter_misc":{"Dur\u00e9e de lecture estim\u00e9e":"3 minutes"},"schema":{"@context":"https:\/\/schema.org","@graph":[{"@type":"WebPage","@id":"https:\/\/www.mgmrestop.com\/fr\/efficacite\/","url":"https:\/\/www.mgmrestop.com\/fr\/efficacite\/","name":"EFFICACIT\u00c9 - M.G.M. Motori Elettrici S.p.a.","isPartOf":{"@id":"https:\/\/www.mgmrestop.com\/#website"},"datePublished":"2022-04-28T15:29:36+00:00","dateModified":"2023-12-14T15:22:31+00:00","breadcrumb":{"@id":"https:\/\/www.mgmrestop.com\/fr\/efficacite\/#breadcrumb"},"inLanguage":"fr-FR","potentialAction":[{"@type":"ReadAction","target":["https:\/\/www.mgmrestop.com\/fr\/efficacite\/"]}]},{"@type":"BreadcrumbList","@id":"https:\/\/www.mgmrestop.com\/fr\/efficacite\/#breadcrumb","itemListElement":[{"@type":"ListItem","position":1,"name":"Home","item":"https:\/\/www.mgmrestop.com\/fr\/"},{"@type":"ListItem","position":2,"name":"EFFICACIT\u00c9"}]},{"@type":"WebSite","@id":"https:\/\/www.mgmrestop.com\/#website","url":"https:\/\/www.mgmrestop.com\/","name":"M.G.M. Motori Elettrici S.p.a.","description":"","publisher":{"@id":"https:\/\/www.mgmrestop.com\/#organization"},"potentialAction":[{"@type":"SearchAction","target":{"@type":"EntryPoint","urlTemplate":"https:\/\/www.mgmrestop.com\/?s={search_term_string}"},"query-input":{"@type":"PropertyValueSpecification","valueRequired":true,"valueName":"search_term_string"}}],"inLanguage":"fr-FR"},{"@type":"Organization","@id":"https:\/\/www.mgmrestop.com\/#organization","name":"M.G.M. Motori Elettrici S.p.a.","url":"https:\/\/www.mgmrestop.com\/","logo":{"@type":"ImageObject","inLanguage":"fr-FR","@id":"https:\/\/www.mgmrestop.com\/#\/schema\/logo\/image\/","url":"https:\/\/www.mgmrestop.com\/wp-content\/uploads\/2023\/06\/cropped-MGM_Marchio_Logo_700px.png","contentUrl":"https:\/\/www.mgmrestop.com\/wp-content\/uploads\/2023\/06\/cropped-MGM_Marchio_Logo_700px.png","width":2917,"height":1560,"caption":"M.G.M. Motori Elettrici S.p.a."},"image":{"@id":"https:\/\/www.mgmrestop.com\/#\/schema\/logo\/image\/"}}]}},"featured_image_src":null,"featured_image_src_square":null,"uagb_featured_image_src":{"full":false,"thumbnail":false,"medium":false,"medium_large":false,"large":false,"gs-tiny":false,"xl":false,"xxl":false,"xxxl":false,"xxxxl":false,"xxxxxl":false,"1536x1536":false,"2048x2048":false,"gb-block-post-grid-landscape":false,"gb-block-post-grid-square":false,"news_homepage":false,"settori_homepage":false,"post-thumbnail":false,"chaplin_preview_image_low_resolution":false,"chaplin_preview_image_high_resolution":false,"chaplin_fullscreen":false},"uagb_author_info":{"display_name":"administrator","author_link":"https:\/\/www.mgmrestop.com\/fr\/author\/administrator\/"},"uagb_comment_info":0,"uagb_excerpt":"L&rsquo;efficacit\u00e9 exprime comment un moteur \u00e9lectrique transforme efficacement l&rsquo;\u00e9nergie \u00e9lectrique en \u00e9nergie m\u00e9canique. Plus l&rsquo;efficacit\u00e9 d&rsquo;un moteur est \u00e9lev\u00e9e, dans des conditions de fonctionnement sp\u00e9cifiques, plus la consommation&hellip;","_links":{"self":[{"href":"https:\/\/www.mgmrestop.com\/fr\/wp-json\/wp\/v2\/pages\/27240"}],"collection":[{"href":"https:\/\/www.mgmrestop.com\/fr\/wp-json\/wp\/v2\/pages"}],"about":[{"href":"https:\/\/www.mgmrestop.com\/fr\/wp-json\/wp\/v2\/types\/page"}],"author":[{"embeddable":true,"href":"https:\/\/www.mgmrestop.com\/fr\/wp-json\/wp\/v2\/users\/1"}],"replies":[{"embeddable":true,"href":"https:\/\/www.mgmrestop.com\/fr\/wp-json\/wp\/v2\/comments?post=27240"}],"version-history":[{"count":0,"href":"https:\/\/www.mgmrestop.com\/fr\/wp-json\/wp\/v2\/pages\/27240\/revisions"}],"wp:attachment":[{"href":"https:\/\/www.mgmrestop.com\/fr\/wp-json\/wp\/v2\/media?parent=27240"}],"curies":[{"name":"wp","href":"https:\/\/api.w.org\/{rel}","templated":true}]}}